{"id":4766,"date":"2021-05-21T17:55:17","date_gmt":"2021-05-21T22:55:17","guid":{"rendered":"https:\/\/www.libreriaordonez.com\/ecomerce\/?post_type=product&#038;p=4766"},"modified":"2023-09-13T11:38:08","modified_gmt":"2023-09-13T16:38:08","slug":"papel-mache-ac-x100gr","status":"publish","type":"product","link":"https:\/\/www.libreriaordonez.com\/ecomerce\/producto\/papel-mache-ac-x100gr\/","title":{"rendered":"PAPEL MACHE AC X100GR"},"content":{"rendered":"","protected":false},"excerpt":{"rendered":"<ul>\n<li>Papel mach\u00e9 de alta calidad, ideal para trabajos de modelado y escultura.<\/li>\n<li>Peso de 100 gramos, lo que proporciona resistencia y flexibilidad para diferentes proyectos.<\/li>\n<li>F\u00e1cil de manipular y moldear con pegamento y agua, permitiendo crear diversas formas y figuras.<\/li>\n<li>Superficie porosa que permite pintar, decorar y personalizar con facilidad.<\/li>\n<li>Perfecto para actividades escolares, manualidades y proyectos art\u00edsticos.<\/li>\n<\/ul>\n","protected":false},"featured_media":15831,"comment_status":"open","ping_status":"closed","template":"","meta":{"nf_dc_page":"","site-sidebar-layout":"default","site-content-layout":"default","ast-site-content-layout":"default","site-content-style":"default","site-sidebar-style":"default","ast-global-header-display":"","ast-banner-title-visibility":"","ast-main-header-display":"","ast-hfb-above-header-display":"","ast-hfb-below-header-display":"","ast-hfb-mobile-header-display":"","site-post-title":"","ast-breadcrumbs-content":"","ast-featured-img":"","footer-sml-layout":"","ast-disable-related-posts":"","theme-transparent-header-meta":"default","adv-header-id-meta":"","stick-header-meta":"","header-above-stick-meta":"","header-main-stick-meta":"","header-below-stick-meta":"","astra-migrate-meta-layouts":"default","ast-page-background-enabled":"default","ast-page-background-meta":{"desktop":{"background-color":"","background-image":"","background-repeat":"repeat","background-position":"center center","background-size":"auto","background-attachment":"scroll","background-type":"","background-media":"","overlay-type":"","overlay-color":"","overlay-opacity":"","overlay-gradient":""},"tablet":{"background-color":"","background-image":"","background-repeat":"repeat","background-position":"center center","background-size":"auto","background-attachment":"scroll","background-type":"","background-media":"","overlay-type":"","overlay-color":"","overlay-opacity":"","overlay-gradient":""},"mobile":{"background-color":"","background-image":"","background-repeat":"repeat","background-position":"center center","background-size":"auto","background-attachment":"scroll","background-type":"","background-media":"","overlay-type":"","overlay-color":"","overlay-opacity":"","overlay-gradient":""}},"ast-content-background-meta":{"desktop":{"background-color":"var(--ast-global-color-5)","background-image":"","background-repeat":"repeat","background-position":"center center","background-size":"auto","background-attachment":"scroll","background-type":"","background-media":"","overlay-type":"","overlay-color":"","overlay-opacity":"","overlay-gradient":""},"tablet":{"background-color":"var(--ast-global-color-5)","background-image":"","background-repeat":"repeat","background-position":"center center","background-size":"auto","background-attachment":"scroll","background-type":"","background-media":"","overlay-type":"","overlay-color":"","overlay-opacity":"","overlay-gradient":""},"mobile":{"background-color":"var(--ast-global-color-5)","background-image":"","background-repeat":"repeat","background-position":"center center","background-size":"auto","background-attachment":"scroll","background-type":"","background-media":"","overlay-type":"","overlay-color":"","overlay-opacity":"","overlay-gradient":""}}},"product_brand":[],"product_cat":[471],"product_tag":[427,253],"class_list":{"0":"post-4766","1":"product","2":"type-product","3":"status-publish","4":"has-post-thumbnail","6":"product_cat-articulos-escolares","7":"product_tag-mache","8":"product_tag-papel","9":"desktop-align-left","10":"tablet-align-left","11":"mobile-align-left","13":"first","14":"instock","15":"shipping-taxable","16":"product-type-simple"},"yoast_head":"<!-- This site is optimized with the Yoast SEO plugin v27.4 - https:\/\/yoast.com\/product\/yoast-seo-wordpress\/ -->\n<title>PAPEL MACHE AC X100GR - Librer\u00eda Ord\u00f3\u00f1ez<\/title>\n<meta name=\"robots\" content=\"index, follow, max-snippet:-1, max-image-preview:large, max-video-preview:-1\" \/>\n<link rel=\"canonical\" href=\"https:\/\/www.libreriaordonez.com\/ecomerce\/producto\/papel-mache-ac-x100gr\/\" \/>\n<meta property=\"og:locale\" content=\"es_ES\" \/>\n<meta property=\"og:type\" content=\"article\" \/>\n<meta property=\"og:title\" content=\"PAPEL MACHE AC X100GR - Librer\u00eda Ord\u00f3\u00f1ez\" \/>\n<meta property=\"og:description\" content=\"Papel mach\u00e9 de alta calidad, ideal para trabajos de modelado y escultura.  Peso de 100 gramos, lo que proporciona resistencia y flexibilidad para diferentes proyectos.  F\u00e1cil de manipular y moldear con pegamento y agua, permitiendo crear diversas formas y figuras.  Superficie porosa que permite pintar, decorar y personalizar con facilidad.  Perfecto para actividades escolares, manualidades y proyectos art\u00edsticos.\" \/>\n<meta property=\"og:url\" content=\"https:\/\/www.libreriaordonez.com\/ecomerce\/producto\/papel-mache-ac-x100gr\/\" \/>\n<meta property=\"og:site_name\" content=\"Librer\u00eda Ord\u00f3\u00f1ez\" \/>\n<meta property=\"article:modified_time\" content=\"2023-09-13T16:38:08+00:00\" \/>\n<meta property=\"og:image\" content=\"https:\/\/www.libreriaordonez.com\/ecomerce\/wp-content\/uploads\/2021\/05\/PAPEL-MACHE-AC-X100GR.webp\" \/>\n\t<meta property=\"og:image:width\" content=\"1200\" \/>\n\t<meta property=\"og:image:height\" content=\"1200\" \/>\n\t<meta property=\"og:image:type\" content=\"image\/webp\" \/>\n<meta name=\"twitter:card\" content=\"summary_large_image\" \/>\n<script type=\"application\/ld+json\" class=\"yoast-schema-graph\">{\"@context\":\"https:\\\/\\\/schema.org\",\"@graph\":[{\"@type\":\"WebPage\",\"@id\":\"https:\\\/\\\/www.libreriaordonez.com\\\/ecomerce\\\/producto\\\/papel-mache-ac-x100gr\\\/\",\"url\":\"https:\\\/\\\/www.libreriaordonez.com\\\/ecomerce\\\/producto\\\/papel-mache-ac-x100gr\\\/\",\"name\":\"PAPEL MACHE AC X100GR - Librer\u00eda Ord\u00f3\u00f1ez\",\"isPartOf\":{\"@id\":\"https:\\\/\\\/www.libreriaordonez.com\\\/ecomerce\\\/#website\"},\"primaryImageOfPage\":{\"@id\":\"https:\\\/\\\/www.libreriaordonez.com\\\/ecomerce\\\/producto\\\/papel-mache-ac-x100gr\\\/#primaryimage\"},\"image\":{\"@id\":\"https:\\\/\\\/www.libreriaordonez.com\\\/ecomerce\\\/producto\\\/papel-mache-ac-x100gr\\\/#primaryimage\"},\"thumbnailUrl\":\"https:\\\/\\\/www.libreriaordonez.com\\\/ecomerce\\\/wp-content\\\/uploads\\\/2021\\\/05\\\/PAPEL-MACHE-AC-X100GR.webp\",\"datePublished\":\"2021-05-21T22:55:17+00:00\",\"dateModified\":\"2023-09-13T16:38:08+00:00\",\"breadcrumb\":{\"@id\":\"https:\\\/\\\/www.libreriaordonez.com\\\/ecomerce\\\/producto\\\/papel-mache-ac-x100gr\\\/#breadcrumb\"},\"inLanguage\":\"es\",\"potentialAction\":[{\"@type\":\"ReadAction\",\"target\":[\"https:\\\/\\\/www.libreriaordonez.com\\\/ecomerce\\\/producto\\\/papel-mache-ac-x100gr\\\/\"]}]},{\"@type\":\"ImageObject\",\"inLanguage\":\"es\",\"@id\":\"https:\\\/\\\/www.libreriaordonez.com\\\/ecomerce\\\/producto\\\/papel-mache-ac-x100gr\\\/#primaryimage\",\"url\":\"https:\\\/\\\/www.libreriaordonez.com\\\/ecomerce\\\/wp-content\\\/uploads\\\/2021\\\/05\\\/PAPEL-MACHE-AC-X100GR.webp\",\"contentUrl\":\"https:\\\/\\\/www.libreriaordonez.com\\\/ecomerce\\\/wp-content\\\/uploads\\\/2021\\\/05\\\/PAPEL-MACHE-AC-X100GR.webp\",\"width\":1200,\"height\":1200},{\"@type\":\"BreadcrumbList\",\"@id\":\"https:\\\/\\\/www.libreriaordonez.com\\\/ecomerce\\\/producto\\\/papel-mache-ac-x100gr\\\/#breadcrumb\",\"itemListElement\":[{\"@type\":\"ListItem\",\"position\":1,\"name\":\"Portada\",\"item\":\"https:\\\/\\\/www.libreriaordonez.com\\\/ecomerce\\\/\"},{\"@type\":\"ListItem\",\"position\":2,\"name\":\"Productos\",\"item\":\"https:\\\/\\\/www.libreriaordonez.com\\\/ecomerce\\\/shop\\\/\"},{\"@type\":\"ListItem\",\"position\":3,\"name\":\"PAPEL MACHE AC X100GR\"}]},{\"@type\":\"WebSite\",\"@id\":\"https:\\\/\\\/www.libreriaordonez.com\\\/ecomerce\\\/#website\",\"url\":\"https:\\\/\\\/www.libreriaordonez.com\\\/ecomerce\\\/\",\"name\":\"Librer\u00eda Ord\u00f3\u00f1ez\",\"description\":\"\",\"publisher\":{\"@id\":\"https:\\\/\\\/www.libreriaordonez.com\\\/ecomerce\\\/#organization\"},\"potentialAction\":[{\"@type\":\"SearchAction\",\"target\":{\"@type\":\"EntryPoint\",\"urlTemplate\":\"https:\\\/\\\/www.libreriaordonez.com\\\/ecomerce\\\/?s={search_term_string}\"},\"query-input\":{\"@type\":\"PropertyValueSpecification\",\"valueRequired\":true,\"valueName\":\"search_term_string\"}}],\"inLanguage\":\"es\"},{\"@type\":\"Organization\",\"@id\":\"https:\\\/\\\/www.libreriaordonez.com\\\/ecomerce\\\/#organization\",\"name\":\"Librer\u00eda Ord\u00f3\u00f1ez\",\"url\":\"https:\\\/\\\/www.libreriaordonez.com\\\/ecomerce\\\/\",\"logo\":{\"@type\":\"ImageObject\",\"inLanguage\":\"es\",\"@id\":\"https:\\\/\\\/www.libreriaordonez.com\\\/ecomerce\\\/#\\\/schema\\\/logo\\\/image\\\/\",\"url\":\"https:\\\/\\\/www.libreriaordonez.com\\\/ecomerce\\\/wp-content\\\/uploads\\\/2021\\\/04\\\/cropped-cropped-logo.png\",\"contentUrl\":\"https:\\\/\\\/www.libreriaordonez.com\\\/ecomerce\\\/wp-content\\\/uploads\\\/2021\\\/04\\\/cropped-cropped-logo.png\",\"width\":449,\"height\":199,\"caption\":\"Librer\u00eda Ord\u00f3\u00f1ez\"},\"image\":{\"@id\":\"https:\\\/\\\/www.libreriaordonez.com\\\/ecomerce\\\/#\\\/schema\\\/logo\\\/image\\\/\"}}]}<\/script>\n<!-- \/ Yoast SEO plugin. -->","yoast_head_json":{"title":"PAPEL MACHE AC X100GR - Librer\u00eda Ord\u00f3\u00f1ez","robots":{"index":"index","follow":"follow","max-snippet":"max-snippet:-1","max-image-preview":"max-image-preview:large","max-video-preview":"max-video-preview:-1"},"canonical":"https:\/\/www.libreriaordonez.com\/ecomerce\/producto\/papel-mache-ac-x100gr\/","og_locale":"es_ES","og_type":"article","og_title":"PAPEL MACHE AC X100GR - Librer\u00eda Ord\u00f3\u00f1ez","og_description":"Papel mach\u00e9 de alta calidad, ideal para trabajos de modelado y escultura.  Peso de 100 gramos, lo que proporciona resistencia y flexibilidad para diferentes proyectos.  F\u00e1cil de manipular y moldear con pegamento y agua, permitiendo crear diversas formas y figuras.  Superficie porosa que permite pintar, decorar y personalizar con facilidad.  Perfecto para actividades escolares, manualidades y proyectos art\u00edsticos.","og_url":"https:\/\/www.libreriaordonez.com\/ecomerce\/producto\/papel-mache-ac-x100gr\/","og_site_name":"Librer\u00eda Ord\u00f3\u00f1ez","article_modified_time":"2023-09-13T16:38:08+00:00","og_image":[{"width":1200,"height":1200,"url":"https:\/\/www.libreriaordonez.com\/ecomerce\/wp-content\/uploads\/2021\/05\/PAPEL-MACHE-AC-X100GR.webp","type":"image\/webp"}],"twitter_card":"summary_large_image","schema":{"@context":"https:\/\/schema.org","@graph":[{"@type":"WebPage","@id":"https:\/\/www.libreriaordonez.com\/ecomerce\/producto\/papel-mache-ac-x100gr\/","url":"https:\/\/www.libreriaordonez.com\/ecomerce\/producto\/papel-mache-ac-x100gr\/","name":"PAPEL MACHE AC X100GR - Librer\u00eda Ord\u00f3\u00f1ez","isPartOf":{"@id":"https:\/\/www.libreriaordonez.com\/ecomerce\/#website"},"primaryImageOfPage":{"@id":"https:\/\/www.libreriaordonez.com\/ecomerce\/producto\/papel-mache-ac-x100gr\/#primaryimage"},"image":{"@id":"https:\/\/www.libreriaordonez.com\/ecomerce\/producto\/papel-mache-ac-x100gr\/#primaryimage"},"thumbnailUrl":"https:\/\/www.libreriaordonez.com\/ecomerce\/wp-content\/uploads\/2021\/05\/PAPEL-MACHE-AC-X100GR.webp","datePublished":"2021-05-21T22:55:17+00:00","dateModified":"2023-09-13T16:38:08+00:00","breadcrumb":{"@id":"https:\/\/www.libreriaordonez.com\/ecomerce\/producto\/papel-mache-ac-x100gr\/#breadcrumb"},"inLanguage":"es","potentialAction":[{"@type":"ReadAction","target":["https:\/\/www.libreriaordonez.com\/ecomerce\/producto\/papel-mache-ac-x100gr\/"]}]},{"@type":"ImageObject","inLanguage":"es","@id":"https:\/\/www.libreriaordonez.com\/ecomerce\/producto\/papel-mache-ac-x100gr\/#primaryimage","url":"https:\/\/www.libreriaordonez.com\/ecomerce\/wp-content\/uploads\/2021\/05\/PAPEL-MACHE-AC-X100GR.webp","contentUrl":"https:\/\/www.libreriaordonez.com\/ecomerce\/wp-content\/uploads\/2021\/05\/PAPEL-MACHE-AC-X100GR.webp","width":1200,"height":1200},{"@type":"BreadcrumbList","@id":"https:\/\/www.libreriaordonez.com\/ecomerce\/producto\/papel-mache-ac-x100gr\/#breadcrumb","itemListElement":[{"@type":"ListItem","position":1,"name":"Portada","item":"https:\/\/www.libreriaordonez.com\/ecomerce\/"},{"@type":"ListItem","position":2,"name":"Productos","item":"https:\/\/www.libreriaordonez.com\/ecomerce\/shop\/"},{"@type":"ListItem","position":3,"name":"PAPEL MACHE AC X100GR"}]},{"@type":"WebSite","@id":"https:\/\/www.libreriaordonez.com\/ecomerce\/#website","url":"https:\/\/www.libreriaordonez.com\/ecomerce\/","name":"Librer\u00eda Ord\u00f3\u00f1ez","description":"","publisher":{"@id":"https:\/\/www.libreriaordonez.com\/ecomerce\/#organization"},"potentialAction":[{"@type":"SearchAction","target":{"@type":"EntryPoint","urlTemplate":"https:\/\/www.libreriaordonez.com\/ecomerce\/?s={search_term_string}"},"query-input":{"@type":"PropertyValueSpecification","valueRequired":true,"valueName":"search_term_string"}}],"inLanguage":"es"},{"@type":"Organization","@id":"https:\/\/www.libreriaordonez.com\/ecomerce\/#organization","name":"Librer\u00eda Ord\u00f3\u00f1ez","url":"https:\/\/www.libreriaordonez.com\/ecomerce\/","logo":{"@type":"ImageObject","inLanguage":"es","@id":"https:\/\/www.libreriaordonez.com\/ecomerce\/#\/schema\/logo\/image\/","url":"https:\/\/www.libreriaordonez.com\/ecomerce\/wp-content\/uploads\/2021\/04\/cropped-cropped-logo.png","contentUrl":"https:\/\/www.libreriaordonez.com\/ecomerce\/wp-content\/uploads\/2021\/04\/cropped-cropped-logo.png","width":449,"height":199,"caption":"Librer\u00eda Ord\u00f3\u00f1ez"},"image":{"@id":"https:\/\/www.libreriaordonez.com\/ecomerce\/#\/schema\/logo\/image\/"}}]}},"_links":{"self":[{"href":"https:\/\/www.libreriaordonez.com\/ecomerce\/wp-json\/wp\/v2\/product\/4766","targetHints":{"allow":["GET"]}}],"collection":[{"href":"https:\/\/www.libreriaordonez.com\/ecomerce\/wp-json\/wp\/v2\/product"}],"about":[{"href":"https:\/\/www.libreriaordonez.com\/ecomerce\/wp-json\/wp\/v2\/types\/product"}],"replies":[{"embeddable":true,"href":"https:\/\/www.libreriaordonez.com\/ecomerce\/wp-json\/wp\/v2\/comments?post=4766"}],"version-history":[{"count":2,"href":"https:\/\/www.libreriaordonez.com\/ecomerce\/wp-json\/wp\/v2\/product\/4766\/revisions"}],"predecessor-version":[{"id":15832,"href":"https:\/\/www.libreriaordonez.com\/ecomerce\/wp-json\/wp\/v2\/product\/4766\/revisions\/15832"}],"wp:featuredmedia":[{"embeddable":true,"href":"https:\/\/www.libreriaordonez.com\/ecomerce\/wp-json\/wp\/v2\/media\/15831"}],"wp:attachment":[{"href":"https:\/\/www.libreriaordonez.com\/ecomerce\/wp-json\/wp\/v2\/media?parent=4766"}],"wp:term":[{"taxonomy":"product_brand","embeddable":true,"href":"https:\/\/www.libreriaordonez.com\/ecomerce\/wp-json\/wp\/v2\/product_brand?post=4766"},{"taxonomy":"product_cat","embeddable":true,"href":"https:\/\/www.libreriaordonez.com\/ecomerce\/wp-json\/wp\/v2\/product_cat?post=4766"},{"taxonomy":"product_tag","embeddable":true,"href":"https:\/\/www.libreriaordonez.com\/ecomerce\/wp-json\/wp\/v2\/product_tag?post=4766"}],"curies":[{"name":"wp","href":"https:\/\/api.w.org\/{rel}","templated":true}]}}