{"id":20440,"date":"2023-09-06T10:27:21","date_gmt":"2023-09-06T15:27:21","guid":{"rendered":"https:\/\/www.libreriaordonez.com\/ecomerce\/?post_type=product&#038;p=20440"},"modified":"2023-09-13T11:39:29","modified_gmt":"2023-09-13T16:39:29","slug":"pack-artesco-water-sand","status":"publish","type":"product","link":"https:\/\/www.libreriaordonez.com\/ecomerce\/producto\/pack-artesco-water-sand\/","title":{"rendered":"PACK ARTESCO WATER SAND"},"content":{"rendered":"","protected":false},"excerpt":{"rendered":"<ul>\n<li>Water Sand es un experimento de arena m\u00e1gica que funciona solo debajo del agua.<\/li>\n<li>Al sumergirla dentro del agua, se forma una barrera de burbujas de aire alrededor de la arena, evitando que se humedezca.<\/li>\n<li>Incluye una cartilla con 3 experimentos: Arena Impermeable, Paisajes Submarinos y Water Sand vs. Arena M\u00e1gica de Artesco.<\/li>\n<\/ul>\n<p>&nbsp;<\/p>\n","protected":false},"featured_media":20430,"comment_status":"open","ping_status":"closed","template":"","meta":{"nf_dc_page":"","site-sidebar-layout":"default","site-content-layout":"","ast-site-content-layout":"default","site-content-style":"default","site-sidebar-style":"default","ast-global-header-display":"","ast-banner-title-visibility":"","ast-main-header-display":"","ast-hfb-above-header-display":"","ast-hfb-below-header-display":"","ast-hfb-mobile-header-display":"","site-post-title":"","ast-breadcrumbs-content":"","ast-featured-img":"","footer-sml-layout":"","ast-disable-related-posts":"","theme-transparent-header-meta":"default","adv-header-id-meta":"","stick-header-meta":"","header-above-stick-meta":"","header-main-stick-meta":"","header-below-stick-meta":"","astra-migrate-meta-layouts":"set","ast-page-background-enabled":"default","ast-page-background-meta":{"desktop":{"background-color":"","background-image":"","background-repeat":"repeat","background-position":"center center","background-size":"auto","background-attachment":"scroll","background-type":"","background-media":"","overlay-type":"","overlay-color":"","overlay-opacity":"","overlay-gradient":""},"tablet":{"background-color":"","background-image":"","background-repeat":"repeat","background-position":"center center","background-size":"auto","background-attachment":"scroll","background-type":"","background-media":"","overlay-type":"","overlay-color":"","overlay-opacity":"","overlay-gradient":""},"mobile":{"background-color":"","background-image":"","background-repeat":"repeat","background-position":"center center","background-size":"auto","background-attachment":"scroll","background-type":"","background-media":"","overlay-type":"","overlay-color":"","overlay-opacity":"","overlay-gradient":""}},"ast-content-background-meta":{"desktop":{"background-color":"var(--ast-global-color-5)","background-image":"","background-repeat":"repeat","background-position":"center center","background-size":"auto","background-attachment":"scroll","background-type":"","background-media":"","overlay-type":"","overlay-color":"","overlay-opacity":"","overlay-gradient":""},"tablet":{"background-color":"var(--ast-global-color-5)","background-image":"","background-repeat":"repeat","background-position":"center center","background-size":"auto","background-attachment":"scroll","background-type":"","background-media":"","overlay-type":"","overlay-color":"","overlay-opacity":"","overlay-gradient":""},"mobile":{"background-color":"var(--ast-global-color-5)","background-image":"","background-repeat":"repeat","background-position":"center center","background-size":"auto","background-attachment":"scroll","background-type":"","background-media":"","overlay-type":"","overlay-color":"","overlay-opacity":"","overlay-gradient":""}}},"product_brand":[],"product_cat":[471],"product_tag":[],"class_list":{"0":"post-20440","1":"product","2":"type-product","3":"status-publish","4":"has-post-thumbnail","6":"product_cat-articulos-escolares","7":"desktop-align-left","8":"tablet-align-left","9":"mobile-align-left","11":"first","12":"instock","13":"shipping-taxable","14":"product-type-simple"},"yoast_head":"<!-- This site is optimized with the Yoast SEO plugin v27.5 - https:\/\/yoast.com\/product\/yoast-seo-wordpress\/ -->\n<title>PACK ARTESCO WATER SAND - Librer\u00eda Ord\u00f3\u00f1ez<\/title>\n<meta name=\"robots\" content=\"index, follow, max-snippet:-1, max-image-preview:large, max-video-preview:-1\" \/>\n<link rel=\"canonical\" href=\"https:\/\/www.libreriaordonez.com\/ecomerce\/producto\/pack-artesco-water-sand\/\" \/>\n<meta property=\"og:locale\" content=\"es_ES\" \/>\n<meta property=\"og:type\" content=\"article\" \/>\n<meta property=\"og:title\" content=\"PACK ARTESCO WATER SAND - Librer\u00eda Ord\u00f3\u00f1ez\" \/>\n<meta property=\"og:description\" content=\"Water Sand es un experimento de arena m\u00e1gica que funciona solo debajo del agua.  Al sumergirla dentro del agua, se forma una barrera de burbujas de aire alrededor de la arena, evitando que se humedezca.  Incluye una cartilla con 3 experimentos: Arena Impermeable, Paisajes Submarinos y Water Sand vs. Arena M\u00e1gica de Artesco.  &nbsp;\" \/>\n<meta property=\"og:url\" content=\"https:\/\/www.libreriaordonez.com\/ecomerce\/producto\/pack-artesco-water-sand\/\" \/>\n<meta property=\"og:site_name\" content=\"Librer\u00eda Ord\u00f3\u00f1ez\" \/>\n<meta property=\"article:modified_time\" content=\"2023-09-13T16:39:29+00:00\" \/>\n<meta property=\"og:image\" content=\"https:\/\/www.libreriaordonez.com\/ecomerce\/wp-content\/uploads\/2023\/09\/PACK-ARTESCO-WATER-SAND.jpg\" \/>\n\t<meta property=\"og:image:width\" content=\"872\" \/>\n\t<meta property=\"og:image:height\" content=\"872\" \/>\n\t<meta property=\"og:image:type\" content=\"image\/jpeg\" \/>\n<meta name=\"twitter:card\" content=\"summary_large_image\" \/>\n<script type=\"application\/ld+json\" class=\"yoast-schema-graph\">{\"@context\":\"https:\\\/\\\/schema.org\",\"@graph\":[{\"@type\":\"WebPage\",\"@id\":\"https:\\\/\\\/www.libreriaordonez.com\\\/ecomerce\\\/producto\\\/pack-artesco-water-sand\\\/\",\"url\":\"https:\\\/\\\/www.libreriaordonez.com\\\/ecomerce\\\/producto\\\/pack-artesco-water-sand\\\/\",\"name\":\"PACK ARTESCO WATER SAND - Librer\u00eda Ord\u00f3\u00f1ez\",\"isPartOf\":{\"@id\":\"https:\\\/\\\/www.libreriaordonez.com\\\/ecomerce\\\/#website\"},\"primaryImageOfPage\":{\"@id\":\"https:\\\/\\\/www.libreriaordonez.com\\\/ecomerce\\\/producto\\\/pack-artesco-water-sand\\\/#primaryimage\"},\"image\":{\"@id\":\"https:\\\/\\\/www.libreriaordonez.com\\\/ecomerce\\\/producto\\\/pack-artesco-water-sand\\\/#primaryimage\"},\"thumbnailUrl\":\"https:\\\/\\\/www.libreriaordonez.com\\\/ecomerce\\\/wp-content\\\/uploads\\\/2023\\\/09\\\/PACK-ARTESCO-WATER-SAND.jpg\",\"datePublished\":\"2023-09-06T15:27:21+00:00\",\"dateModified\":\"2023-09-13T16:39:29+00:00\",\"breadcrumb\":{\"@id\":\"https:\\\/\\\/www.libreriaordonez.com\\\/ecomerce\\\/producto\\\/pack-artesco-water-sand\\\/#breadcrumb\"},\"inLanguage\":\"es\",\"potentialAction\":[{\"@type\":\"ReadAction\",\"target\":[\"https:\\\/\\\/www.libreriaordonez.com\\\/ecomerce\\\/producto\\\/pack-artesco-water-sand\\\/\"]}]},{\"@type\":\"ImageObject\",\"inLanguage\":\"es\",\"@id\":\"https:\\\/\\\/www.libreriaordonez.com\\\/ecomerce\\\/producto\\\/pack-artesco-water-sand\\\/#primaryimage\",\"url\":\"https:\\\/\\\/www.libreriaordonez.com\\\/ecomerce\\\/wp-content\\\/uploads\\\/2023\\\/09\\\/PACK-ARTESCO-WATER-SAND.jpg\",\"contentUrl\":\"https:\\\/\\\/www.libreriaordonez.com\\\/ecomerce\\\/wp-content\\\/uploads\\\/2023\\\/09\\\/PACK-ARTESCO-WATER-SAND.jpg\",\"width\":872,\"height\":872},{\"@type\":\"BreadcrumbList\",\"@id\":\"https:\\\/\\\/www.libreriaordonez.com\\\/ecomerce\\\/producto\\\/pack-artesco-water-sand\\\/#breadcrumb\",\"itemListElement\":[{\"@type\":\"ListItem\",\"position\":1,\"name\":\"Portada\",\"item\":\"https:\\\/\\\/www.libreriaordonez.com\\\/ecomerce\\\/\"},{\"@type\":\"ListItem\",\"position\":2,\"name\":\"Productos\",\"item\":\"https:\\\/\\\/www.libreriaordonez.com\\\/ecomerce\\\/shop\\\/\"},{\"@type\":\"ListItem\",\"position\":3,\"name\":\"PACK ARTESCO WATER SAND\"}]},{\"@type\":\"WebSite\",\"@id\":\"https:\\\/\\\/www.libreriaordonez.com\\\/ecomerce\\\/#website\",\"url\":\"https:\\\/\\\/www.libreriaordonez.com\\\/ecomerce\\\/\",\"name\":\"Librer\u00eda Ord\u00f3\u00f1ez\",\"description\":\"\",\"publisher\":{\"@id\":\"https:\\\/\\\/www.libreriaordonez.com\\\/ecomerce\\\/#organization\"},\"potentialAction\":[{\"@type\":\"SearchAction\",\"target\":{\"@type\":\"EntryPoint\",\"urlTemplate\":\"https:\\\/\\\/www.libreriaordonez.com\\\/ecomerce\\\/?s={search_term_string}\"},\"query-input\":{\"@type\":\"PropertyValueSpecification\",\"valueRequired\":true,\"valueName\":\"search_term_string\"}}],\"inLanguage\":\"es\"},{\"@type\":\"Organization\",\"@id\":\"https:\\\/\\\/www.libreriaordonez.com\\\/ecomerce\\\/#organization\",\"name\":\"Librer\u00eda Ord\u00f3\u00f1ez\",\"url\":\"https:\\\/\\\/www.libreriaordonez.com\\\/ecomerce\\\/\",\"logo\":{\"@type\":\"ImageObject\",\"inLanguage\":\"es\",\"@id\":\"https:\\\/\\\/www.libreriaordonez.com\\\/ecomerce\\\/#\\\/schema\\\/logo\\\/image\\\/\",\"url\":\"https:\\\/\\\/www.libreriaordonez.com\\\/ecomerce\\\/wp-content\\\/uploads\\\/2021\\\/04\\\/cropped-cropped-logo.png\",\"contentUrl\":\"https:\\\/\\\/www.libreriaordonez.com\\\/ecomerce\\\/wp-content\\\/uploads\\\/2021\\\/04\\\/cropped-cropped-logo.png\",\"width\":449,\"height\":199,\"caption\":\"Librer\u00eda Ord\u00f3\u00f1ez\"},\"image\":{\"@id\":\"https:\\\/\\\/www.libreriaordonez.com\\\/ecomerce\\\/#\\\/schema\\\/logo\\\/image\\\/\"}}]}<\/script>\n<!-- \/ Yoast SEO plugin. -->","yoast_head_json":{"title":"PACK ARTESCO WATER SAND - Librer\u00eda Ord\u00f3\u00f1ez","robots":{"index":"index","follow":"follow","max-snippet":"max-snippet:-1","max-image-preview":"max-image-preview:large","max-video-preview":"max-video-preview:-1"},"canonical":"https:\/\/www.libreriaordonez.com\/ecomerce\/producto\/pack-artesco-water-sand\/","og_locale":"es_ES","og_type":"article","og_title":"PACK ARTESCO WATER SAND - Librer\u00eda Ord\u00f3\u00f1ez","og_description":"Water Sand es un experimento de arena m\u00e1gica que funciona solo debajo del agua.  Al sumergirla dentro del agua, se forma una barrera de burbujas de aire alrededor de la arena, evitando que se humedezca.  Incluye una cartilla con 3 experimentos: Arena Impermeable, Paisajes Submarinos y Water Sand vs. Arena M\u00e1gica de Artesco.  &nbsp;","og_url":"https:\/\/www.libreriaordonez.com\/ecomerce\/producto\/pack-artesco-water-sand\/","og_site_name":"Librer\u00eda Ord\u00f3\u00f1ez","article_modified_time":"2023-09-13T16:39:29+00:00","og_image":[{"width":872,"height":872,"url":"https:\/\/www.libreriaordonez.com\/ecomerce\/wp-content\/uploads\/2023\/09\/PACK-ARTESCO-WATER-SAND.jpg","type":"image\/jpeg"}],"twitter_card":"summary_large_image","schema":{"@context":"https:\/\/schema.org","@graph":[{"@type":"WebPage","@id":"https:\/\/www.libreriaordonez.com\/ecomerce\/producto\/pack-artesco-water-sand\/","url":"https:\/\/www.libreriaordonez.com\/ecomerce\/producto\/pack-artesco-water-sand\/","name":"PACK ARTESCO WATER SAND - Librer\u00eda Ord\u00f3\u00f1ez","isPartOf":{"@id":"https:\/\/www.libreriaordonez.com\/ecomerce\/#website"},"primaryImageOfPage":{"@id":"https:\/\/www.libreriaordonez.com\/ecomerce\/producto\/pack-artesco-water-sand\/#primaryimage"},"image":{"@id":"https:\/\/www.libreriaordonez.com\/ecomerce\/producto\/pack-artesco-water-sand\/#primaryimage"},"thumbnailUrl":"https:\/\/www.libreriaordonez.com\/ecomerce\/wp-content\/uploads\/2023\/09\/PACK-ARTESCO-WATER-SAND.jpg","datePublished":"2023-09-06T15:27:21+00:00","dateModified":"2023-09-13T16:39:29+00:00","breadcrumb":{"@id":"https:\/\/www.libreriaordonez.com\/ecomerce\/producto\/pack-artesco-water-sand\/#breadcrumb"},"inLanguage":"es","potentialAction":[{"@type":"ReadAction","target":["https:\/\/www.libreriaordonez.com\/ecomerce\/producto\/pack-artesco-water-sand\/"]}]},{"@type":"ImageObject","inLanguage":"es","@id":"https:\/\/www.libreriaordonez.com\/ecomerce\/producto\/pack-artesco-water-sand\/#primaryimage","url":"https:\/\/www.libreriaordonez.com\/ecomerce\/wp-content\/uploads\/2023\/09\/PACK-ARTESCO-WATER-SAND.jpg","contentUrl":"https:\/\/www.libreriaordonez.com\/ecomerce\/wp-content\/uploads\/2023\/09\/PACK-ARTESCO-WATER-SAND.jpg","width":872,"height":872},{"@type":"BreadcrumbList","@id":"https:\/\/www.libreriaordonez.com\/ecomerce\/producto\/pack-artesco-water-sand\/#breadcrumb","itemListElement":[{"@type":"ListItem","position":1,"name":"Portada","item":"https:\/\/www.libreriaordonez.com\/ecomerce\/"},{"@type":"ListItem","position":2,"name":"Productos","item":"https:\/\/www.libreriaordonez.com\/ecomerce\/shop\/"},{"@type":"ListItem","position":3,"name":"PACK ARTESCO WATER SAND"}]},{"@type":"WebSite","@id":"https:\/\/www.libreriaordonez.com\/ecomerce\/#website","url":"https:\/\/www.libreriaordonez.com\/ecomerce\/","name":"Librer\u00eda Ord\u00f3\u00f1ez","description":"","publisher":{"@id":"https:\/\/www.libreriaordonez.com\/ecomerce\/#organization"},"potentialAction":[{"@type":"SearchAction","target":{"@type":"EntryPoint","urlTemplate":"https:\/\/www.libreriaordonez.com\/ecomerce\/?s={search_term_string}"},"query-input":{"@type":"PropertyValueSpecification","valueRequired":true,"valueName":"search_term_string"}}],"inLanguage":"es"},{"@type":"Organization","@id":"https:\/\/www.libreriaordonez.com\/ecomerce\/#organization","name":"Librer\u00eda Ord\u00f3\u00f1ez","url":"https:\/\/www.libreriaordonez.com\/ecomerce\/","logo":{"@type":"ImageObject","inLanguage":"es","@id":"https:\/\/www.libreriaordonez.com\/ecomerce\/#\/schema\/logo\/image\/","url":"https:\/\/www.libreriaordonez.com\/ecomerce\/wp-content\/uploads\/2021\/04\/cropped-cropped-logo.png","contentUrl":"https:\/\/www.libreriaordonez.com\/ecomerce\/wp-content\/uploads\/2021\/04\/cropped-cropped-logo.png","width":449,"height":199,"caption":"Librer\u00eda Ord\u00f3\u00f1ez"},"image":{"@id":"https:\/\/www.libreriaordonez.com\/ecomerce\/#\/schema\/logo\/image\/"}}]}},"_links":{"self":[{"href":"https:\/\/www.libreriaordonez.com\/ecomerce\/wp-json\/wp\/v2\/product\/20440","targetHints":{"allow":["GET"]}}],"collection":[{"href":"https:\/\/www.libreriaordonez.com\/ecomerce\/wp-json\/wp\/v2\/product"}],"about":[{"href":"https:\/\/www.libreriaordonez.com\/ecomerce\/wp-json\/wp\/v2\/types\/product"}],"replies":[{"embeddable":true,"href":"https:\/\/www.libreriaordonez.com\/ecomerce\/wp-json\/wp\/v2\/comments?post=20440"}],"version-history":[{"count":1,"href":"https:\/\/www.libreriaordonez.com\/ecomerce\/wp-json\/wp\/v2\/product\/20440\/revisions"}],"predecessor-version":[{"id":20441,"href":"https:\/\/www.libreriaordonez.com\/ecomerce\/wp-json\/wp\/v2\/product\/20440\/revisions\/20441"}],"wp:featuredmedia":[{"embeddable":true,"href":"https:\/\/www.libreriaordonez.com\/ecomerce\/wp-json\/wp\/v2\/media\/20430"}],"wp:attachment":[{"href":"https:\/\/www.libreriaordonez.com\/ecomerce\/wp-json\/wp\/v2\/media?parent=20440"}],"wp:term":[{"taxonomy":"product_brand","embeddable":true,"href":"https:\/\/www.libreriaordonez.com\/ecomerce\/wp-json\/wp\/v2\/product_brand?post=20440"},{"taxonomy":"product_cat","embeddable":true,"href":"https:\/\/www.libreriaordonez.com\/ecomerce\/wp-json\/wp\/v2\/product_cat?post=20440"},{"taxonomy":"product_tag","embeddable":true,"href":"https:\/\/www.libreriaordonez.com\/ecomerce\/wp-json\/wp\/v2\/product_tag?post=20440"}],"curies":[{"name":"wp","href":"https:\/\/api.w.org\/{rel}","templated":true}]}}