{"id":18667,"date":"2023-08-21T10:29:12","date_gmt":"2023-08-21T15:29:12","guid":{"rendered":"https:\/\/www.libreriaordonez.com\/ecomerce\/?post_type=product&#038;p=18667"},"modified":"2023-09-13T11:39:09","modified_gmt":"2023-09-13T16:39:09","slug":"boligrafo-artesco-trimax-gl-32m-antibacterial-semi-gel-rojo-1-0mm","status":"publish","type":"product","link":"https:\/\/www.libreriaordonez.com\/ecomerce\/producto\/boligrafo-artesco-trimax-gl-32m-antibacterial-semi-gel-rojo-1-0mm\/","title":{"rendered":"BOLIGRAFO ARTESCO TRIMAX GL-32M ANTIBACTERIAL SEMI GEL ROJO (1.0MM)"},"content":{"rendered":"","protected":false},"excerpt":{"rendered":"<ul>\n<li>Bol\u00edgrafo antibacterial.<\/li>\n<li>Tinta semi gel para una escritura muy suave<\/li>\n<li>Punta medio 1.0 mm<\/li>\n<li>Punta de acero resistente al impacto<\/li>\n<li>Forma triangular ergon\u00f3mica<\/li>\n<li>Tapa antiasfixia<\/li>\n<li>Cuerpo transparente<\/li>\n<\/ul>\n","protected":false},"featured_media":18669,"comment_status":"open","ping_status":"closed","template":"","meta":{"nf_dc_page":"","site-sidebar-layout":"default","site-content-layout":"default","ast-site-content-layout":"default","site-content-style":"default","site-sidebar-style":"default","ast-global-header-display":"","ast-banner-title-visibility":"","ast-main-header-display":"","ast-hfb-above-header-display":"","ast-hfb-below-header-display":"","ast-hfb-mobile-header-display":"","site-post-title":"","ast-breadcrumbs-content":"","ast-featured-img":"","footer-sml-layout":"","ast-disable-related-posts":"","theme-transparent-header-meta":"default","adv-header-id-meta":"","stick-header-meta":"","header-above-stick-meta":"","header-main-stick-meta":"","header-below-stick-meta":"","astra-migrate-meta-layouts":"set","ast-page-background-enabled":"default","ast-page-background-meta":{"desktop":{"background-color":"","background-image":"","background-repeat":"repeat","background-position":"center center","background-size":"auto","background-attachment":"scroll","background-type":"","background-media":"","overlay-type":"","overlay-color":"","overlay-opacity":"","overlay-gradient":""},"tablet":{"background-color":"","background-image":"","background-repeat":"repeat","background-position":"center center","background-size":"auto","background-attachment":"scroll","background-type":"","background-media":"","overlay-type":"","overlay-color":"","overlay-opacity":"","overlay-gradient":""},"mobile":{"background-color":"","background-image":"","background-repeat":"repeat","background-position":"center center","background-size":"auto","background-attachment":"scroll","background-type":"","background-media":"","overlay-type":"","overlay-color":"","overlay-opacity":"","overlay-gradient":""}},"ast-content-background-meta":{"desktop":{"background-color":"var(--ast-global-color-5)","background-image":"","background-repeat":"repeat","background-position":"center center","background-size":"auto","background-attachment":"scroll","background-type":"","background-media":"","overlay-type":"","overlay-color":"","overlay-opacity":"","overlay-gradient":""},"tablet":{"background-color":"var(--ast-global-color-5)","background-image":"","background-repeat":"repeat","background-position":"center center","background-size":"auto","background-attachment":"scroll","background-type":"","background-media":"","overlay-type":"","overlay-color":"","overlay-opacity":"","overlay-gradient":""},"mobile":{"background-color":"var(--ast-global-color-5)","background-image":"","background-repeat":"repeat","background-position":"center center","background-size":"auto","background-attachment":"scroll","background-type":"","background-media":"","overlay-type":"","overlay-color":"","overlay-opacity":"","overlay-gradient":""}}},"product_brand":[],"product_cat":[472],"product_tag":[31,166,38],"class_list":{"0":"post-18667","1":"product","2":"type-product","3":"status-publish","4":"has-post-thumbnail","6":"product_cat-linea-de-escritura","7":"product_tag-artesco","8":"product_tag-boligrafo","9":"product_tag-rojo","10":"desktop-align-left","11":"tablet-align-left","12":"mobile-align-left","14":"first","15":"instock","16":"shipping-taxable","17":"product-type-simple"},"yoast_head":"<!-- This site is optimized with the Yoast SEO plugin v27.4 - https:\/\/yoast.com\/product\/yoast-seo-wordpress\/ -->\n<title>BOLIGRAFO ARTESCO TRIMAX GL-32M ANTIBACTERIAL SEMI GEL ROJO (1.0MM) - Librer\u00eda Ord\u00f3\u00f1ez<\/title>\n<meta name=\"robots\" content=\"index, follow, max-snippet:-1, max-image-preview:large, max-video-preview:-1\" \/>\n<link rel=\"canonical\" href=\"https:\/\/www.libreriaordonez.com\/ecomerce\/producto\/boligrafo-artesco-trimax-gl-32m-antibacterial-semi-gel-rojo-1-0mm\/\" \/>\n<meta property=\"og:locale\" content=\"es_ES\" \/>\n<meta property=\"og:type\" content=\"article\" \/>\n<meta property=\"og:title\" content=\"BOLIGRAFO ARTESCO TRIMAX GL-32M ANTIBACTERIAL SEMI GEL ROJO (1.0MM) - Librer\u00eda Ord\u00f3\u00f1ez\" \/>\n<meta property=\"og:description\" content=\"Bol\u00edgrafo antibacterial.  Tinta semi gel para una escritura muy suave  Punta medio 1.0 mm  Punta de acero resistente al impacto  Forma triangular ergon\u00f3mica  Tapa antiasfixia  Cuerpo transparente\" \/>\n<meta property=\"og:url\" content=\"https:\/\/www.libreriaordonez.com\/ecomerce\/producto\/boligrafo-artesco-trimax-gl-32m-antibacterial-semi-gel-rojo-1-0mm\/\" \/>\n<meta property=\"og:site_name\" content=\"Librer\u00eda Ord\u00f3\u00f1ez\" \/>\n<meta property=\"article:modified_time\" content=\"2023-09-13T16:39:09+00:00\" \/>\n<meta property=\"og:image\" content=\"https:\/\/www.libreriaordonez.com\/ecomerce\/wp-content\/uploads\/2023\/08\/BOLIGRAFO-ARTESCO-TRIMAX-GL-32M-ANTIBACTERIAL-SEMI-GEL-ROJO-1.0MM.webp\" \/>\n\t<meta property=\"og:image:width\" content=\"512\" \/>\n\t<meta property=\"og:image:height\" content=\"512\" \/>\n\t<meta property=\"og:image:type\" content=\"image\/webp\" \/>\n<meta name=\"twitter:card\" content=\"summary_large_image\" \/>\n<script type=\"application\/ld+json\" class=\"yoast-schema-graph\">{\"@context\":\"https:\\\/\\\/schema.org\",\"@graph\":[{\"@type\":\"WebPage\",\"@id\":\"https:\\\/\\\/www.libreriaordonez.com\\\/ecomerce\\\/producto\\\/boligrafo-artesco-trimax-gl-32m-antibacterial-semi-gel-rojo-1-0mm\\\/\",\"url\":\"https:\\\/\\\/www.libreriaordonez.com\\\/ecomerce\\\/producto\\\/boligrafo-artesco-trimax-gl-32m-antibacterial-semi-gel-rojo-1-0mm\\\/\",\"name\":\"BOLIGRAFO ARTESCO TRIMAX GL-32M ANTIBACTERIAL SEMI GEL ROJO (1.0MM) - Librer\u00eda Ord\u00f3\u00f1ez\",\"isPartOf\":{\"@id\":\"https:\\\/\\\/www.libreriaordonez.com\\\/ecomerce\\\/#website\"},\"primaryImageOfPage\":{\"@id\":\"https:\\\/\\\/www.libreriaordonez.com\\\/ecomerce\\\/producto\\\/boligrafo-artesco-trimax-gl-32m-antibacterial-semi-gel-rojo-1-0mm\\\/#primaryimage\"},\"image\":{\"@id\":\"https:\\\/\\\/www.libreriaordonez.com\\\/ecomerce\\\/producto\\\/boligrafo-artesco-trimax-gl-32m-antibacterial-semi-gel-rojo-1-0mm\\\/#primaryimage\"},\"thumbnailUrl\":\"https:\\\/\\\/www.libreriaordonez.com\\\/ecomerce\\\/wp-content\\\/uploads\\\/2023\\\/08\\\/BOLIGRAFO-ARTESCO-TRIMAX-GL-32M-ANTIBACTERIAL-SEMI-GEL-ROJO-1.0MM.webp\",\"datePublished\":\"2023-08-21T15:29:12+00:00\",\"dateModified\":\"2023-09-13T16:39:09+00:00\",\"breadcrumb\":{\"@id\":\"https:\\\/\\\/www.libreriaordonez.com\\\/ecomerce\\\/producto\\\/boligrafo-artesco-trimax-gl-32m-antibacterial-semi-gel-rojo-1-0mm\\\/#breadcrumb\"},\"inLanguage\":\"es\",\"potentialAction\":[{\"@type\":\"ReadAction\",\"target\":[\"https:\\\/\\\/www.libreriaordonez.com\\\/ecomerce\\\/producto\\\/boligrafo-artesco-trimax-gl-32m-antibacterial-semi-gel-rojo-1-0mm\\\/\"]}]},{\"@type\":\"ImageObject\",\"inLanguage\":\"es\",\"@id\":\"https:\\\/\\\/www.libreriaordonez.com\\\/ecomerce\\\/producto\\\/boligrafo-artesco-trimax-gl-32m-antibacterial-semi-gel-rojo-1-0mm\\\/#primaryimage\",\"url\":\"https:\\\/\\\/www.libreriaordonez.com\\\/ecomerce\\\/wp-content\\\/uploads\\\/2023\\\/08\\\/BOLIGRAFO-ARTESCO-TRIMAX-GL-32M-ANTIBACTERIAL-SEMI-GEL-ROJO-1.0MM.webp\",\"contentUrl\":\"https:\\\/\\\/www.libreriaordonez.com\\\/ecomerce\\\/wp-content\\\/uploads\\\/2023\\\/08\\\/BOLIGRAFO-ARTESCO-TRIMAX-GL-32M-ANTIBACTERIAL-SEMI-GEL-ROJO-1.0MM.webp\",\"width\":512,\"height\":512},{\"@type\":\"BreadcrumbList\",\"@id\":\"https:\\\/\\\/www.libreriaordonez.com\\\/ecomerce\\\/producto\\\/boligrafo-artesco-trimax-gl-32m-antibacterial-semi-gel-rojo-1-0mm\\\/#breadcrumb\",\"itemListElement\":[{\"@type\":\"ListItem\",\"position\":1,\"name\":\"Portada\",\"item\":\"https:\\\/\\\/www.libreriaordonez.com\\\/ecomerce\\\/\"},{\"@type\":\"ListItem\",\"position\":2,\"name\":\"Productos\",\"item\":\"https:\\\/\\\/www.libreriaordonez.com\\\/ecomerce\\\/shop\\\/\"},{\"@type\":\"ListItem\",\"position\":3,\"name\":\"BOLIGRAFO ARTESCO TRIMAX GL-32M ANTIBACTERIAL SEMI GEL ROJO (1.0MM)\"}]},{\"@type\":\"WebSite\",\"@id\":\"https:\\\/\\\/www.libreriaordonez.com\\\/ecomerce\\\/#website\",\"url\":\"https:\\\/\\\/www.libreriaordonez.com\\\/ecomerce\\\/\",\"name\":\"Librer\u00eda Ord\u00f3\u00f1ez\",\"description\":\"\",\"publisher\":{\"@id\":\"https:\\\/\\\/www.libreriaordonez.com\\\/ecomerce\\\/#organization\"},\"potentialAction\":[{\"@type\":\"SearchAction\",\"target\":{\"@type\":\"EntryPoint\",\"urlTemplate\":\"https:\\\/\\\/www.libreriaordonez.com\\\/ecomerce\\\/?s={search_term_string}\"},\"query-input\":{\"@type\":\"PropertyValueSpecification\",\"valueRequired\":true,\"valueName\":\"search_term_string\"}}],\"inLanguage\":\"es\"},{\"@type\":\"Organization\",\"@id\":\"https:\\\/\\\/www.libreriaordonez.com\\\/ecomerce\\\/#organization\",\"name\":\"Librer\u00eda Ord\u00f3\u00f1ez\",\"url\":\"https:\\\/\\\/www.libreriaordonez.com\\\/ecomerce\\\/\",\"logo\":{\"@type\":\"ImageObject\",\"inLanguage\":\"es\",\"@id\":\"https:\\\/\\\/www.libreriaordonez.com\\\/ecomerce\\\/#\\\/schema\\\/logo\\\/image\\\/\",\"url\":\"https:\\\/\\\/www.libreriaordonez.com\\\/ecomerce\\\/wp-content\\\/uploads\\\/2021\\\/04\\\/cropped-cropped-logo.png\",\"contentUrl\":\"https:\\\/\\\/www.libreriaordonez.com\\\/ecomerce\\\/wp-content\\\/uploads\\\/2021\\\/04\\\/cropped-cropped-logo.png\",\"width\":449,\"height\":199,\"caption\":\"Librer\u00eda Ord\u00f3\u00f1ez\"},\"image\":{\"@id\":\"https:\\\/\\\/www.libreriaordonez.com\\\/ecomerce\\\/#\\\/schema\\\/logo\\\/image\\\/\"}}]}<\/script>\n<!-- \/ Yoast SEO plugin. -->","yoast_head_json":{"title":"BOLIGRAFO ARTESCO TRIMAX GL-32M ANTIBACTERIAL SEMI GEL ROJO (1.0MM) - Librer\u00eda Ord\u00f3\u00f1ez","robots":{"index":"index","follow":"follow","max-snippet":"max-snippet:-1","max-image-preview":"max-image-preview:large","max-video-preview":"max-video-preview:-1"},"canonical":"https:\/\/www.libreriaordonez.com\/ecomerce\/producto\/boligrafo-artesco-trimax-gl-32m-antibacterial-semi-gel-rojo-1-0mm\/","og_locale":"es_ES","og_type":"article","og_title":"BOLIGRAFO ARTESCO TRIMAX GL-32M ANTIBACTERIAL SEMI GEL ROJO (1.0MM) - Librer\u00eda Ord\u00f3\u00f1ez","og_description":"Bol\u00edgrafo antibacterial.  Tinta semi gel para una escritura muy suave  Punta medio 1.0 mm  Punta de acero resistente al impacto  Forma triangular ergon\u00f3mica  Tapa antiasfixia  Cuerpo transparente","og_url":"https:\/\/www.libreriaordonez.com\/ecomerce\/producto\/boligrafo-artesco-trimax-gl-32m-antibacterial-semi-gel-rojo-1-0mm\/","og_site_name":"Librer\u00eda Ord\u00f3\u00f1ez","article_modified_time":"2023-09-13T16:39:09+00:00","og_image":[{"width":512,"height":512,"url":"https:\/\/www.libreriaordonez.com\/ecomerce\/wp-content\/uploads\/2023\/08\/BOLIGRAFO-ARTESCO-TRIMAX-GL-32M-ANTIBACTERIAL-SEMI-GEL-ROJO-1.0MM.webp","type":"image\/webp"}],"twitter_card":"summary_large_image","schema":{"@context":"https:\/\/schema.org","@graph":[{"@type":"WebPage","@id":"https:\/\/www.libreriaordonez.com\/ecomerce\/producto\/boligrafo-artesco-trimax-gl-32m-antibacterial-semi-gel-rojo-1-0mm\/","url":"https:\/\/www.libreriaordonez.com\/ecomerce\/producto\/boligrafo-artesco-trimax-gl-32m-antibacterial-semi-gel-rojo-1-0mm\/","name":"BOLIGRAFO ARTESCO TRIMAX GL-32M ANTIBACTERIAL SEMI GEL ROJO (1.0MM) - Librer\u00eda Ord\u00f3\u00f1ez","isPartOf":{"@id":"https:\/\/www.libreriaordonez.com\/ecomerce\/#website"},"primaryImageOfPage":{"@id":"https:\/\/www.libreriaordonez.com\/ecomerce\/producto\/boligrafo-artesco-trimax-gl-32m-antibacterial-semi-gel-rojo-1-0mm\/#primaryimage"},"image":{"@id":"https:\/\/www.libreriaordonez.com\/ecomerce\/producto\/boligrafo-artesco-trimax-gl-32m-antibacterial-semi-gel-rojo-1-0mm\/#primaryimage"},"thumbnailUrl":"https:\/\/www.libreriaordonez.com\/ecomerce\/wp-content\/uploads\/2023\/08\/BOLIGRAFO-ARTESCO-TRIMAX-GL-32M-ANTIBACTERIAL-SEMI-GEL-ROJO-1.0MM.webp","datePublished":"2023-08-21T15:29:12+00:00","dateModified":"2023-09-13T16:39:09+00:00","breadcrumb":{"@id":"https:\/\/www.libreriaordonez.com\/ecomerce\/producto\/boligrafo-artesco-trimax-gl-32m-antibacterial-semi-gel-rojo-1-0mm\/#breadcrumb"},"inLanguage":"es","potentialAction":[{"@type":"ReadAction","target":["https:\/\/www.libreriaordonez.com\/ecomerce\/producto\/boligrafo-artesco-trimax-gl-32m-antibacterial-semi-gel-rojo-1-0mm\/"]}]},{"@type":"ImageObject","inLanguage":"es","@id":"https:\/\/www.libreriaordonez.com\/ecomerce\/producto\/boligrafo-artesco-trimax-gl-32m-antibacterial-semi-gel-rojo-1-0mm\/#primaryimage","url":"https:\/\/www.libreriaordonez.com\/ecomerce\/wp-content\/uploads\/2023\/08\/BOLIGRAFO-ARTESCO-TRIMAX-GL-32M-ANTIBACTERIAL-SEMI-GEL-ROJO-1.0MM.webp","contentUrl":"https:\/\/www.libreriaordonez.com\/ecomerce\/wp-content\/uploads\/2023\/08\/BOLIGRAFO-ARTESCO-TRIMAX-GL-32M-ANTIBACTERIAL-SEMI-GEL-ROJO-1.0MM.webp","width":512,"height":512},{"@type":"BreadcrumbList","@id":"https:\/\/www.libreriaordonez.com\/ecomerce\/producto\/boligrafo-artesco-trimax-gl-32m-antibacterial-semi-gel-rojo-1-0mm\/#breadcrumb","itemListElement":[{"@type":"ListItem","position":1,"name":"Portada","item":"https:\/\/www.libreriaordonez.com\/ecomerce\/"},{"@type":"ListItem","position":2,"name":"Productos","item":"https:\/\/www.libreriaordonez.com\/ecomerce\/shop\/"},{"@type":"ListItem","position":3,"name":"BOLIGRAFO ARTESCO TRIMAX GL-32M ANTIBACTERIAL SEMI GEL ROJO (1.0MM)"}]},{"@type":"WebSite","@id":"https:\/\/www.libreriaordonez.com\/ecomerce\/#website","url":"https:\/\/www.libreriaordonez.com\/ecomerce\/","name":"Librer\u00eda Ord\u00f3\u00f1ez","description":"","publisher":{"@id":"https:\/\/www.libreriaordonez.com\/ecomerce\/#organization"},"potentialAction":[{"@type":"SearchAction","target":{"@type":"EntryPoint","urlTemplate":"https:\/\/www.libreriaordonez.com\/ecomerce\/?s={search_term_string}"},"query-input":{"@type":"PropertyValueSpecification","valueRequired":true,"valueName":"search_term_string"}}],"inLanguage":"es"},{"@type":"Organization","@id":"https:\/\/www.libreriaordonez.com\/ecomerce\/#organization","name":"Librer\u00eda Ord\u00f3\u00f1ez","url":"https:\/\/www.libreriaordonez.com\/ecomerce\/","logo":{"@type":"ImageObject","inLanguage":"es","@id":"https:\/\/www.libreriaordonez.com\/ecomerce\/#\/schema\/logo\/image\/","url":"https:\/\/www.libreriaordonez.com\/ecomerce\/wp-content\/uploads\/2021\/04\/cropped-cropped-logo.png","contentUrl":"https:\/\/www.libreriaordonez.com\/ecomerce\/wp-content\/uploads\/2021\/04\/cropped-cropped-logo.png","width":449,"height":199,"caption":"Librer\u00eda Ord\u00f3\u00f1ez"},"image":{"@id":"https:\/\/www.libreriaordonez.com\/ecomerce\/#\/schema\/logo\/image\/"}}]}},"_links":{"self":[{"href":"https:\/\/www.libreriaordonez.com\/ecomerce\/wp-json\/wp\/v2\/product\/18667","targetHints":{"allow":["GET"]}}],"collection":[{"href":"https:\/\/www.libreriaordonez.com\/ecomerce\/wp-json\/wp\/v2\/product"}],"about":[{"href":"https:\/\/www.libreriaordonez.com\/ecomerce\/wp-json\/wp\/v2\/types\/product"}],"replies":[{"embeddable":true,"href":"https:\/\/www.libreriaordonez.com\/ecomerce\/wp-json\/wp\/v2\/comments?post=18667"}],"version-history":[{"count":2,"href":"https:\/\/www.libreriaordonez.com\/ecomerce\/wp-json\/wp\/v2\/product\/18667\/revisions"}],"predecessor-version":[{"id":18672,"href":"https:\/\/www.libreriaordonez.com\/ecomerce\/wp-json\/wp\/v2\/product\/18667\/revisions\/18672"}],"wp:featuredmedia":[{"embeddable":true,"href":"https:\/\/www.libreriaordonez.com\/ecomerce\/wp-json\/wp\/v2\/media\/18669"}],"wp:attachment":[{"href":"https:\/\/www.libreriaordonez.com\/ecomerce\/wp-json\/wp\/v2\/media?parent=18667"}],"wp:term":[{"taxonomy":"product_brand","embeddable":true,"href":"https:\/\/www.libreriaordonez.com\/ecomerce\/wp-json\/wp\/v2\/product_brand?post=18667"},{"taxonomy":"product_cat","embeddable":true,"href":"https:\/\/www.libreriaordonez.com\/ecomerce\/wp-json\/wp\/v2\/product_cat?post=18667"},{"taxonomy":"product_tag","embeddable":true,"href":"https:\/\/www.libreriaordonez.com\/ecomerce\/wp-json\/wp\/v2\/product_tag?post=18667"}],"curies":[{"name":"wp","href":"https:\/\/api.w.org\/{rel}","templated":true}]}}