{"id":11702,"date":"2021-05-31T15:40:02","date_gmt":"2021-05-31T20:40:02","guid":{"rendered":"https:\/\/www.libreriaordonez.com\/ecomerce\/?post_type=product&#038;p=11702"},"modified":"2023-09-13T13:35:12","modified_gmt":"2023-09-13T18:35:12","slug":"papel-fotografico-cbit-a-4-glossy-c-adhesivo-135gr-paqx20","status":"publish","type":"product","link":"https:\/\/www.libreriaordonez.com\/ecomerce\/producto\/papel-fotografico-cbit-a-4-glossy-c-adhesivo-135gr-paqx20\/","title":{"rendered":"PAPEL FOTOGRAFICO CBIT A-4 GLOSSY C\/ADHESIVO 135GR (PAQX20)"},"content":{"rendered":"","protected":false},"excerpt":{"rendered":"<ul>\n<li>Papel fotogr\u00e1fico tama\u00f1o A-4 con acabado glossy y adhesivo en la parte posterior.<\/li>\n<li>Ideal para imprimir fotos de alta calidad con colores vibrantes y detalles n\u00edtidos.<\/li>\n<li>Superficie glossy que resalta el brillo y la claridad de las im\u00e1genes.<\/li>\n<li>Adhesivo de calidad que permite pegar f\u00e1cilmente tus fotos en diferentes superficies.<\/li>\n<li>Gramaje de 135g, proporcionando un papel resistente y duradero.<\/li>\n<li>Paquete de 20 unidades para m\u00faltiples impresiones fotogr\u00e1ficas.<\/li>\n<li>Perfecto para crear \u00e1lbumes, decoraci\u00f3n, proyectos creativos y personalizaci\u00f3n de objetos.<\/li>\n<\/ul>\n","protected":false},"featured_media":15753,"comment_status":"open","ping_status":"closed","template":"","meta":{"nf_dc_page":"","site-sidebar-layout":"default","site-content-layout":"default","ast-site-content-layout":"default","site-content-style":"default","site-sidebar-style":"default","ast-global-header-display":"","ast-banner-title-visibility":"","ast-main-header-display":"","ast-hfb-above-header-display":"","ast-hfb-below-header-display":"","ast-hfb-mobile-header-display":"","site-post-title":"","ast-breadcrumbs-content":"","ast-featured-img":"","footer-sml-layout":"","ast-disable-related-posts":"","theme-transparent-header-meta":"default","adv-header-id-meta":"","stick-header-meta":"","header-above-stick-meta":"","header-main-stick-meta":"","header-below-stick-meta":"","astra-migrate-meta-layouts":"set","ast-page-background-enabled":"default","ast-page-background-meta":{"desktop":{"background-color":"","background-image":"","background-repeat":"repeat","background-position":"center center","background-size":"auto","background-attachment":"scroll","background-type":"","background-media":"","overlay-type":"","overlay-color":"","overlay-opacity":"","overlay-gradient":""},"tablet":{"background-color":"","background-image":"","background-repeat":"repeat","background-position":"center center","background-size":"auto","background-attachment":"scroll","background-type":"","background-media":"","overlay-type":"","overlay-color":"","overlay-opacity":"","overlay-gradient":""},"mobile":{"background-color":"","background-image":"","background-repeat":"repeat","background-position":"center center","background-size":"auto","background-attachment":"scroll","background-type":"","background-media":"","overlay-type":"","overlay-color":"","overlay-opacity":"","overlay-gradient":""}},"ast-content-background-meta":{"desktop":{"background-color":"var(--ast-global-color-5)","background-image":"","background-repeat":"repeat","background-position":"center center","background-size":"auto","background-attachment":"scroll","background-type":"","background-media":"","overlay-type":"","overlay-color":"","overlay-opacity":"","overlay-gradient":""},"tablet":{"background-color":"var(--ast-global-color-5)","background-image":"","background-repeat":"repeat","background-position":"center center","background-size":"auto","background-attachment":"scroll","background-type":"","background-media":"","overlay-type":"","overlay-color":"","overlay-opacity":"","overlay-gradient":""},"mobile":{"background-color":"var(--ast-global-color-5)","background-image":"","background-repeat":"repeat","background-position":"center center","background-size":"auto","background-attachment":"scroll","background-type":"","background-media":"","overlay-type":"","overlay-color":"","overlay-opacity":"","overlay-gradient":""}}},"product_brand":[],"product_cat":[478],"product_tag":[],"class_list":{"0":"post-11702","1":"product","2":"type-product","3":"status-publish","4":"has-post-thumbnail","6":"product_cat-papeleria","7":"desktop-align-left","8":"tablet-align-left","9":"mobile-align-left","11":"first","12":"instock","13":"shipping-taxable","14":"product-type-simple"},"yoast_head":"<!-- This site is optimized with the Yoast SEO plugin v27.5 - https:\/\/yoast.com\/product\/yoast-seo-wordpress\/ -->\n<title>PAPEL FOTOGRAFICO CBIT A-4 GLOSSY C\/ADHESIVO 135GR (PAQX20) - Librer\u00eda Ord\u00f3\u00f1ez<\/title>\n<meta name=\"robots\" content=\"index, follow, max-snippet:-1, max-image-preview:large, max-video-preview:-1\" \/>\n<link rel=\"canonical\" href=\"https:\/\/www.libreriaordonez.com\/ecomerce\/producto\/papel-fotografico-cbit-a-4-glossy-c-adhesivo-135gr-paqx20\/\" \/>\n<meta property=\"og:locale\" content=\"es_ES\" \/>\n<meta property=\"og:type\" content=\"article\" \/>\n<meta property=\"og:title\" content=\"PAPEL FOTOGRAFICO CBIT A-4 GLOSSY C\/ADHESIVO 135GR (PAQX20) - Librer\u00eda Ord\u00f3\u00f1ez\" \/>\n<meta property=\"og:description\" content=\"Papel fotogr\u00e1fico tama\u00f1o A-4 con acabado glossy y adhesivo en la parte posterior.  Ideal para imprimir fotos de alta calidad con colores vibrantes y detalles n\u00edtidos.  Superficie glossy que resalta el brillo y la claridad de las im\u00e1genes.  Adhesivo de calidad que permite pegar f\u00e1cilmente tus fotos en diferentes superficies.  Gramaje de 135g, proporcionando un papel resistente y duradero.  Paquete de 20 unidades para m\u00faltiples impresiones fotogr\u00e1ficas.  Perfecto para crear \u00e1lbumes, decoraci\u00f3n, proyectos creativos y personalizaci\u00f3n de objetos.\" \/>\n<meta property=\"og:url\" content=\"https:\/\/www.libreriaordonez.com\/ecomerce\/producto\/papel-fotografico-cbit-a-4-glossy-c-adhesivo-135gr-paqx20\/\" \/>\n<meta property=\"og:site_name\" content=\"Librer\u00eda Ord\u00f3\u00f1ez\" \/>\n<meta property=\"article:modified_time\" content=\"2023-09-13T18:35:12+00:00\" \/>\n<meta property=\"og:image\" content=\"https:\/\/www.libreriaordonez.com\/ecomerce\/wp-content\/uploads\/2021\/05\/PAPEL-FOTOGRAFICO-CBIT-A-4-GLOSSY-C-ADHESIVO-135GR-PAQX20.webp\" \/>\n\t<meta property=\"og:image:width\" content=\"600\" \/>\n\t<meta property=\"og:image:height\" content=\"600\" \/>\n\t<meta property=\"og:image:type\" content=\"image\/webp\" \/>\n<meta name=\"twitter:card\" content=\"summary_large_image\" \/>\n<script type=\"application\/ld+json\" class=\"yoast-schema-graph\">{\"@context\":\"https:\\\/\\\/schema.org\",\"@graph\":[{\"@type\":\"WebPage\",\"@id\":\"https:\\\/\\\/www.libreriaordonez.com\\\/ecomerce\\\/producto\\\/papel-fotografico-cbit-a-4-glossy-c-adhesivo-135gr-paqx20\\\/\",\"url\":\"https:\\\/\\\/www.libreriaordonez.com\\\/ecomerce\\\/producto\\\/papel-fotografico-cbit-a-4-glossy-c-adhesivo-135gr-paqx20\\\/\",\"name\":\"PAPEL FOTOGRAFICO CBIT A-4 GLOSSY C\\\/ADHESIVO 135GR (PAQX20) - Librer\u00eda Ord\u00f3\u00f1ez\",\"isPartOf\":{\"@id\":\"https:\\\/\\\/www.libreriaordonez.com\\\/ecomerce\\\/#website\"},\"primaryImageOfPage\":{\"@id\":\"https:\\\/\\\/www.libreriaordonez.com\\\/ecomerce\\\/producto\\\/papel-fotografico-cbit-a-4-glossy-c-adhesivo-135gr-paqx20\\\/#primaryimage\"},\"image\":{\"@id\":\"https:\\\/\\\/www.libreriaordonez.com\\\/ecomerce\\\/producto\\\/papel-fotografico-cbit-a-4-glossy-c-adhesivo-135gr-paqx20\\\/#primaryimage\"},\"thumbnailUrl\":\"https:\\\/\\\/www.libreriaordonez.com\\\/ecomerce\\\/wp-content\\\/uploads\\\/2021\\\/05\\\/PAPEL-FOTOGRAFICO-CBIT-A-4-GLOSSY-C-ADHESIVO-135GR-PAQX20.webp\",\"datePublished\":\"2021-05-31T20:40:02+00:00\",\"dateModified\":\"2023-09-13T18:35:12+00:00\",\"breadcrumb\":{\"@id\":\"https:\\\/\\\/www.libreriaordonez.com\\\/ecomerce\\\/producto\\\/papel-fotografico-cbit-a-4-glossy-c-adhesivo-135gr-paqx20\\\/#breadcrumb\"},\"inLanguage\":\"es\",\"potentialAction\":[{\"@type\":\"ReadAction\",\"target\":[\"https:\\\/\\\/www.libreriaordonez.com\\\/ecomerce\\\/producto\\\/papel-fotografico-cbit-a-4-glossy-c-adhesivo-135gr-paqx20\\\/\"]}]},{\"@type\":\"ImageObject\",\"inLanguage\":\"es\",\"@id\":\"https:\\\/\\\/www.libreriaordonez.com\\\/ecomerce\\\/producto\\\/papel-fotografico-cbit-a-4-glossy-c-adhesivo-135gr-paqx20\\\/#primaryimage\",\"url\":\"https:\\\/\\\/www.libreriaordonez.com\\\/ecomerce\\\/wp-content\\\/uploads\\\/2021\\\/05\\\/PAPEL-FOTOGRAFICO-CBIT-A-4-GLOSSY-C-ADHESIVO-135GR-PAQX20.webp\",\"contentUrl\":\"https:\\\/\\\/www.libreriaordonez.com\\\/ecomerce\\\/wp-content\\\/uploads\\\/2021\\\/05\\\/PAPEL-FOTOGRAFICO-CBIT-A-4-GLOSSY-C-ADHESIVO-135GR-PAQX20.webp\",\"width\":600,\"height\":600},{\"@type\":\"BreadcrumbList\",\"@id\":\"https:\\\/\\\/www.libreriaordonez.com\\\/ecomerce\\\/producto\\\/papel-fotografico-cbit-a-4-glossy-c-adhesivo-135gr-paqx20\\\/#breadcrumb\",\"itemListElement\":[{\"@type\":\"ListItem\",\"position\":1,\"name\":\"Portada\",\"item\":\"https:\\\/\\\/www.libreriaordonez.com\\\/ecomerce\\\/\"},{\"@type\":\"ListItem\",\"position\":2,\"name\":\"Productos\",\"item\":\"https:\\\/\\\/www.libreriaordonez.com\\\/ecomerce\\\/shop\\\/\"},{\"@type\":\"ListItem\",\"position\":3,\"name\":\"PAPEL FOTOGRAFICO CBIT A-4 GLOSSY C\\\/ADHESIVO 135GR (PAQX20)\"}]},{\"@type\":\"WebSite\",\"@id\":\"https:\\\/\\\/www.libreriaordonez.com\\\/ecomerce\\\/#website\",\"url\":\"https:\\\/\\\/www.libreriaordonez.com\\\/ecomerce\\\/\",\"name\":\"Librer\u00eda Ord\u00f3\u00f1ez\",\"description\":\"\",\"publisher\":{\"@id\":\"https:\\\/\\\/www.libreriaordonez.com\\\/ecomerce\\\/#organization\"},\"potentialAction\":[{\"@type\":\"SearchAction\",\"target\":{\"@type\":\"EntryPoint\",\"urlTemplate\":\"https:\\\/\\\/www.libreriaordonez.com\\\/ecomerce\\\/?s={search_term_string}\"},\"query-input\":{\"@type\":\"PropertyValueSpecification\",\"valueRequired\":true,\"valueName\":\"search_term_string\"}}],\"inLanguage\":\"es\"},{\"@type\":\"Organization\",\"@id\":\"https:\\\/\\\/www.libreriaordonez.com\\\/ecomerce\\\/#organization\",\"name\":\"Librer\u00eda Ord\u00f3\u00f1ez\",\"url\":\"https:\\\/\\\/www.libreriaordonez.com\\\/ecomerce\\\/\",\"logo\":{\"@type\":\"ImageObject\",\"inLanguage\":\"es\",\"@id\":\"https:\\\/\\\/www.libreriaordonez.com\\\/ecomerce\\\/#\\\/schema\\\/logo\\\/image\\\/\",\"url\":\"https:\\\/\\\/www.libreriaordonez.com\\\/ecomerce\\\/wp-content\\\/uploads\\\/2021\\\/04\\\/cropped-cropped-logo.png\",\"contentUrl\":\"https:\\\/\\\/www.libreriaordonez.com\\\/ecomerce\\\/wp-content\\\/uploads\\\/2021\\\/04\\\/cropped-cropped-logo.png\",\"width\":449,\"height\":199,\"caption\":\"Librer\u00eda Ord\u00f3\u00f1ez\"},\"image\":{\"@id\":\"https:\\\/\\\/www.libreriaordonez.com\\\/ecomerce\\\/#\\\/schema\\\/logo\\\/image\\\/\"}}]}<\/script>\n<!-- \/ Yoast SEO plugin. -->","yoast_head_json":{"title":"PAPEL FOTOGRAFICO CBIT A-4 GLOSSY C\/ADHESIVO 135GR (PAQX20) - Librer\u00eda Ord\u00f3\u00f1ez","robots":{"index":"index","follow":"follow","max-snippet":"max-snippet:-1","max-image-preview":"max-image-preview:large","max-video-preview":"max-video-preview:-1"},"canonical":"https:\/\/www.libreriaordonez.com\/ecomerce\/producto\/papel-fotografico-cbit-a-4-glossy-c-adhesivo-135gr-paqx20\/","og_locale":"es_ES","og_type":"article","og_title":"PAPEL FOTOGRAFICO CBIT A-4 GLOSSY C\/ADHESIVO 135GR (PAQX20) - Librer\u00eda Ord\u00f3\u00f1ez","og_description":"Papel fotogr\u00e1fico tama\u00f1o A-4 con acabado glossy y adhesivo en la parte posterior.  Ideal para imprimir fotos de alta calidad con colores vibrantes y detalles n\u00edtidos.  Superficie glossy que resalta el brillo y la claridad de las im\u00e1genes.  Adhesivo de calidad que permite pegar f\u00e1cilmente tus fotos en diferentes superficies.  Gramaje de 135g, proporcionando un papel resistente y duradero.  Paquete de 20 unidades para m\u00faltiples impresiones fotogr\u00e1ficas.  Perfecto para crear \u00e1lbumes, decoraci\u00f3n, proyectos creativos y personalizaci\u00f3n de objetos.","og_url":"https:\/\/www.libreriaordonez.com\/ecomerce\/producto\/papel-fotografico-cbit-a-4-glossy-c-adhesivo-135gr-paqx20\/","og_site_name":"Librer\u00eda Ord\u00f3\u00f1ez","article_modified_time":"2023-09-13T18:35:12+00:00","og_image":[{"width":600,"height":600,"url":"https:\/\/www.libreriaordonez.com\/ecomerce\/wp-content\/uploads\/2021\/05\/PAPEL-FOTOGRAFICO-CBIT-A-4-GLOSSY-C-ADHESIVO-135GR-PAQX20.webp","type":"image\/webp"}],"twitter_card":"summary_large_image","schema":{"@context":"https:\/\/schema.org","@graph":[{"@type":"WebPage","@id":"https:\/\/www.libreriaordonez.com\/ecomerce\/producto\/papel-fotografico-cbit-a-4-glossy-c-adhesivo-135gr-paqx20\/","url":"https:\/\/www.libreriaordonez.com\/ecomerce\/producto\/papel-fotografico-cbit-a-4-glossy-c-adhesivo-135gr-paqx20\/","name":"PAPEL FOTOGRAFICO CBIT A-4 GLOSSY C\/ADHESIVO 135GR (PAQX20) - Librer\u00eda Ord\u00f3\u00f1ez","isPartOf":{"@id":"https:\/\/www.libreriaordonez.com\/ecomerce\/#website"},"primaryImageOfPage":{"@id":"https:\/\/www.libreriaordonez.com\/ecomerce\/producto\/papel-fotografico-cbit-a-4-glossy-c-adhesivo-135gr-paqx20\/#primaryimage"},"image":{"@id":"https:\/\/www.libreriaordonez.com\/ecomerce\/producto\/papel-fotografico-cbit-a-4-glossy-c-adhesivo-135gr-paqx20\/#primaryimage"},"thumbnailUrl":"https:\/\/www.libreriaordonez.com\/ecomerce\/wp-content\/uploads\/2021\/05\/PAPEL-FOTOGRAFICO-CBIT-A-4-GLOSSY-C-ADHESIVO-135GR-PAQX20.webp","datePublished":"2021-05-31T20:40:02+00:00","dateModified":"2023-09-13T18:35:12+00:00","breadcrumb":{"@id":"https:\/\/www.libreriaordonez.com\/ecomerce\/producto\/papel-fotografico-cbit-a-4-glossy-c-adhesivo-135gr-paqx20\/#breadcrumb"},"inLanguage":"es","potentialAction":[{"@type":"ReadAction","target":["https:\/\/www.libreriaordonez.com\/ecomerce\/producto\/papel-fotografico-cbit-a-4-glossy-c-adhesivo-135gr-paqx20\/"]}]},{"@type":"ImageObject","inLanguage":"es","@id":"https:\/\/www.libreriaordonez.com\/ecomerce\/producto\/papel-fotografico-cbit-a-4-glossy-c-adhesivo-135gr-paqx20\/#primaryimage","url":"https:\/\/www.libreriaordonez.com\/ecomerce\/wp-content\/uploads\/2021\/05\/PAPEL-FOTOGRAFICO-CBIT-A-4-GLOSSY-C-ADHESIVO-135GR-PAQX20.webp","contentUrl":"https:\/\/www.libreriaordonez.com\/ecomerce\/wp-content\/uploads\/2021\/05\/PAPEL-FOTOGRAFICO-CBIT-A-4-GLOSSY-C-ADHESIVO-135GR-PAQX20.webp","width":600,"height":600},{"@type":"BreadcrumbList","@id":"https:\/\/www.libreriaordonez.com\/ecomerce\/producto\/papel-fotografico-cbit-a-4-glossy-c-adhesivo-135gr-paqx20\/#breadcrumb","itemListElement":[{"@type":"ListItem","position":1,"name":"Portada","item":"https:\/\/www.libreriaordonez.com\/ecomerce\/"},{"@type":"ListItem","position":2,"name":"Productos","item":"https:\/\/www.libreriaordonez.com\/ecomerce\/shop\/"},{"@type":"ListItem","position":3,"name":"PAPEL FOTOGRAFICO CBIT A-4 GLOSSY C\/ADHESIVO 135GR (PAQX20)"}]},{"@type":"WebSite","@id":"https:\/\/www.libreriaordonez.com\/ecomerce\/#website","url":"https:\/\/www.libreriaordonez.com\/ecomerce\/","name":"Librer\u00eda Ord\u00f3\u00f1ez","description":"","publisher":{"@id":"https:\/\/www.libreriaordonez.com\/ecomerce\/#organization"},"potentialAction":[{"@type":"SearchAction","target":{"@type":"EntryPoint","urlTemplate":"https:\/\/www.libreriaordonez.com\/ecomerce\/?s={search_term_string}"},"query-input":{"@type":"PropertyValueSpecification","valueRequired":true,"valueName":"search_term_string"}}],"inLanguage":"es"},{"@type":"Organization","@id":"https:\/\/www.libreriaordonez.com\/ecomerce\/#organization","name":"Librer\u00eda Ord\u00f3\u00f1ez","url":"https:\/\/www.libreriaordonez.com\/ecomerce\/","logo":{"@type":"ImageObject","inLanguage":"es","@id":"https:\/\/www.libreriaordonez.com\/ecomerce\/#\/schema\/logo\/image\/","url":"https:\/\/www.libreriaordonez.com\/ecomerce\/wp-content\/uploads\/2021\/04\/cropped-cropped-logo.png","contentUrl":"https:\/\/www.libreriaordonez.com\/ecomerce\/wp-content\/uploads\/2021\/04\/cropped-cropped-logo.png","width":449,"height":199,"caption":"Librer\u00eda Ord\u00f3\u00f1ez"},"image":{"@id":"https:\/\/www.libreriaordonez.com\/ecomerce\/#\/schema\/logo\/image\/"}}]}},"_links":{"self":[{"href":"https:\/\/www.libreriaordonez.com\/ecomerce\/wp-json\/wp\/v2\/product\/11702","targetHints":{"allow":["GET"]}}],"collection":[{"href":"https:\/\/www.libreriaordonez.com\/ecomerce\/wp-json\/wp\/v2\/product"}],"about":[{"href":"https:\/\/www.libreriaordonez.com\/ecomerce\/wp-json\/wp\/v2\/types\/product"}],"replies":[{"embeddable":true,"href":"https:\/\/www.libreriaordonez.com\/ecomerce\/wp-json\/wp\/v2\/comments?post=11702"}],"version-history":[{"count":2,"href":"https:\/\/www.libreriaordonez.com\/ecomerce\/wp-json\/wp\/v2\/product\/11702\/revisions"}],"predecessor-version":[{"id":15754,"href":"https:\/\/www.libreriaordonez.com\/ecomerce\/wp-json\/wp\/v2\/product\/11702\/revisions\/15754"}],"wp:featuredmedia":[{"embeddable":true,"href":"https:\/\/www.libreriaordonez.com\/ecomerce\/wp-json\/wp\/v2\/media\/15753"}],"wp:attachment":[{"href":"https:\/\/www.libreriaordonez.com\/ecomerce\/wp-json\/wp\/v2\/media?parent=11702"}],"wp:term":[{"taxonomy":"product_brand","embeddable":true,"href":"https:\/\/www.libreriaordonez.com\/ecomerce\/wp-json\/wp\/v2\/product_brand?post=11702"},{"taxonomy":"product_cat","embeddable":true,"href":"https:\/\/www.libreriaordonez.com\/ecomerce\/wp-json\/wp\/v2\/product_cat?post=11702"},{"taxonomy":"product_tag","embeddable":true,"href":"https:\/\/www.libreriaordonez.com\/ecomerce\/wp-json\/wp\/v2\/product_tag?post=11702"}],"curies":[{"name":"wp","href":"https:\/\/api.w.org\/{rel}","templated":true}]}}