{"id":11287,"date":"2021-05-31T03:34:54","date_gmt":"2021-05-31T08:34:54","guid":{"rendered":"https:\/\/www.libreriaordonez.com\/ecomerce\/?post_type=product&#038;p=11287"},"modified":"2023-09-13T11:38:49","modified_gmt":"2023-09-13T16:38:49","slug":"libro-padron-socios-x200hjs-400fol-56gr","status":"publish","type":"product","link":"https:\/\/www.libreriaordonez.com\/ecomerce\/producto\/libro-padron-socios-x200hjs-400fol-56gr\/","title":{"rendered":"LIBRO PADRON SOCIOS X200HJS &#8211; 400FOL 56GR"},"content":{"rendered":"","protected":false},"excerpt":{"rendered":"<ul>\n<li>Libro de padr\u00f3n de socios con encuadernaci\u00f3n resistente y tapa dura.<\/li>\n<li>Contiene 200 hojas (400 folios) para registrar informaci\u00f3n detallada de los socios de manera organizada.<\/li>\n<li>Papel de 56 gr.<\/li>\n<li>Ideal para llevar un registro preciso de los datos de los miembros de una sociedad o asociaci\u00f3n.<\/li>\n<li>Tama\u00f1o adecuado para anotar informaci\u00f3n relevante de cada socio.<\/li>\n<li>Adecuado para uso en clubes, asociaciones, organizaciones sin fines de lucro y m\u00e1s.<\/li>\n<li>Facilita la gesti\u00f3n y el seguimiento de los miembros de la organizaci\u00f3n.<\/li>\n<\/ul>\n","protected":false},"featured_media":15298,"comment_status":"open","ping_status":"closed","template":"","meta":{"nf_dc_page":"","site-sidebar-layout":"default","site-content-layout":"default","ast-site-content-layout":"default","site-content-style":"default","site-sidebar-style":"default","ast-global-header-display":"","ast-banner-title-visibility":"","ast-main-header-display":"","ast-hfb-above-header-display":"","ast-hfb-below-header-display":"","ast-hfb-mobile-header-display":"","site-post-title":"","ast-breadcrumbs-content":"","ast-featured-img":"","footer-sml-layout":"","ast-disable-related-posts":"","theme-transparent-header-meta":"default","adv-header-id-meta":"","stick-header-meta":"","header-above-stick-meta":"","header-main-stick-meta":"","header-below-stick-meta":"","astra-migrate-meta-layouts":"default","ast-page-background-enabled":"default","ast-page-background-meta":{"desktop":{"background-color":"","background-image":"","background-repeat":"repeat","background-position":"center center","background-size":"auto","background-attachment":"scroll","background-type":"","background-media":"","overlay-type":"","overlay-color":"","overlay-opacity":"","overlay-gradient":""},"tablet":{"background-color":"","background-image":"","background-repeat":"repeat","background-position":"center center","background-size":"auto","background-attachment":"scroll","background-type":"","background-media":"","overlay-type":"","overlay-color":"","overlay-opacity":"","overlay-gradient":""},"mobile":{"background-color":"","background-image":"","background-repeat":"repeat","background-position":"center center","background-size":"auto","background-attachment":"scroll","background-type":"","background-media":"","overlay-type":"","overlay-color":"","overlay-opacity":"","overlay-gradient":""}},"ast-content-background-meta":{"desktop":{"background-color":"var(--ast-global-color-5)","background-image":"","background-repeat":"repeat","background-position":"center center","background-size":"auto","background-attachment":"scroll","background-type":"","background-media":"","overlay-type":"","overlay-color":"","overlay-opacity":"","overlay-gradient":""},"tablet":{"background-color":"var(--ast-global-color-5)","background-image":"","background-repeat":"repeat","background-position":"center center","background-size":"auto","background-attachment":"scroll","background-type":"","background-media":"","overlay-type":"","overlay-color":"","overlay-opacity":"","overlay-gradient":""},"mobile":{"background-color":"var(--ast-global-color-5)","background-image":"","background-repeat":"repeat","background-position":"center center","background-size":"auto","background-attachment":"scroll","background-type":"","background-media":"","overlay-type":"","overlay-color":"","overlay-opacity":"","overlay-gradient":""}}},"product_brand":[],"product_cat":[481],"product_tag":[],"class_list":{"0":"post-11287","1":"product","2":"type-product","3":"status-publish","4":"has-post-thumbnail","6":"product_cat-articulos-contables","7":"desktop-align-left","8":"tablet-align-left","9":"mobile-align-left","11":"first","12":"instock","13":"shipping-taxable","14":"product-type-simple"},"yoast_head":"<!-- This site is optimized with the Yoast SEO plugin v27.4 - https:\/\/yoast.com\/product\/yoast-seo-wordpress\/ -->\n<title>LIBRO PADRON SOCIOS X200HJS - 400FOL 56GR - Librer\u00eda Ord\u00f3\u00f1ez<\/title>\n<meta name=\"robots\" content=\"index, follow, max-snippet:-1, max-image-preview:large, max-video-preview:-1\" \/>\n<link rel=\"canonical\" href=\"https:\/\/www.libreriaordonez.com\/ecomerce\/producto\/libro-padron-socios-x200hjs-400fol-56gr\/\" \/>\n<meta property=\"og:locale\" content=\"es_ES\" \/>\n<meta property=\"og:type\" content=\"article\" \/>\n<meta property=\"og:title\" content=\"LIBRO PADRON SOCIOS X200HJS - 400FOL 56GR - Librer\u00eda Ord\u00f3\u00f1ez\" \/>\n<meta property=\"og:description\" content=\"Libro de padr\u00f3n de socios con encuadernaci\u00f3n resistente y tapa dura.  Contiene 200 hojas (400 folios) para registrar informaci\u00f3n detallada de los socios de manera organizada.  Papel de 56 gr.  Ideal para llevar un registro preciso de los datos de los miembros de una sociedad o asociaci\u00f3n.  Tama\u00f1o adecuado para anotar informaci\u00f3n relevante de cada socio.  Adecuado para uso en clubes, asociaciones, organizaciones sin fines de lucro y m\u00e1s.  Facilita la gesti\u00f3n y el seguimiento de los miembros de la organizaci\u00f3n.\" \/>\n<meta property=\"og:url\" content=\"https:\/\/www.libreriaordonez.com\/ecomerce\/producto\/libro-padron-socios-x200hjs-400fol-56gr\/\" \/>\n<meta property=\"og:site_name\" content=\"Librer\u00eda Ord\u00f3\u00f1ez\" \/>\n<meta property=\"article:modified_time\" content=\"2023-09-13T16:38:49+00:00\" \/>\n<meta property=\"og:image\" content=\"https:\/\/www.libreriaordonez.com\/ecomerce\/wp-content\/uploads\/2021\/05\/LIBRO-PADRON-SOCIOS-56gr.jpg\" \/>\n\t<meta property=\"og:image:width\" content=\"1000\" \/>\n\t<meta property=\"og:image:height\" content=\"1000\" \/>\n\t<meta property=\"og:image:type\" content=\"image\/jpeg\" \/>\n<meta name=\"twitter:card\" content=\"summary_large_image\" \/>\n<script type=\"application\/ld+json\" class=\"yoast-schema-graph\">{\"@context\":\"https:\\\/\\\/schema.org\",\"@graph\":[{\"@type\":\"WebPage\",\"@id\":\"https:\\\/\\\/www.libreriaordonez.com\\\/ecomerce\\\/producto\\\/libro-padron-socios-x200hjs-400fol-56gr\\\/\",\"url\":\"https:\\\/\\\/www.libreriaordonez.com\\\/ecomerce\\\/producto\\\/libro-padron-socios-x200hjs-400fol-56gr\\\/\",\"name\":\"LIBRO PADRON SOCIOS X200HJS - 400FOL 56GR - Librer\u00eda Ord\u00f3\u00f1ez\",\"isPartOf\":{\"@id\":\"https:\\\/\\\/www.libreriaordonez.com\\\/ecomerce\\\/#website\"},\"primaryImageOfPage\":{\"@id\":\"https:\\\/\\\/www.libreriaordonez.com\\\/ecomerce\\\/producto\\\/libro-padron-socios-x200hjs-400fol-56gr\\\/#primaryimage\"},\"image\":{\"@id\":\"https:\\\/\\\/www.libreriaordonez.com\\\/ecomerce\\\/producto\\\/libro-padron-socios-x200hjs-400fol-56gr\\\/#primaryimage\"},\"thumbnailUrl\":\"https:\\\/\\\/www.libreriaordonez.com\\\/ecomerce\\\/wp-content\\\/uploads\\\/2021\\\/05\\\/LIBRO-PADRON-SOCIOS-56gr.jpg\",\"datePublished\":\"2021-05-31T08:34:54+00:00\",\"dateModified\":\"2023-09-13T16:38:49+00:00\",\"breadcrumb\":{\"@id\":\"https:\\\/\\\/www.libreriaordonez.com\\\/ecomerce\\\/producto\\\/libro-padron-socios-x200hjs-400fol-56gr\\\/#breadcrumb\"},\"inLanguage\":\"es\",\"potentialAction\":[{\"@type\":\"ReadAction\",\"target\":[\"https:\\\/\\\/www.libreriaordonez.com\\\/ecomerce\\\/producto\\\/libro-padron-socios-x200hjs-400fol-56gr\\\/\"]}]},{\"@type\":\"ImageObject\",\"inLanguage\":\"es\",\"@id\":\"https:\\\/\\\/www.libreriaordonez.com\\\/ecomerce\\\/producto\\\/libro-padron-socios-x200hjs-400fol-56gr\\\/#primaryimage\",\"url\":\"https:\\\/\\\/www.libreriaordonez.com\\\/ecomerce\\\/wp-content\\\/uploads\\\/2021\\\/05\\\/LIBRO-PADRON-SOCIOS-56gr.jpg\",\"contentUrl\":\"https:\\\/\\\/www.libreriaordonez.com\\\/ecomerce\\\/wp-content\\\/uploads\\\/2021\\\/05\\\/LIBRO-PADRON-SOCIOS-56gr.jpg\",\"width\":1000,\"height\":1000},{\"@type\":\"BreadcrumbList\",\"@id\":\"https:\\\/\\\/www.libreriaordonez.com\\\/ecomerce\\\/producto\\\/libro-padron-socios-x200hjs-400fol-56gr\\\/#breadcrumb\",\"itemListElement\":[{\"@type\":\"ListItem\",\"position\":1,\"name\":\"Portada\",\"item\":\"https:\\\/\\\/www.libreriaordonez.com\\\/ecomerce\\\/\"},{\"@type\":\"ListItem\",\"position\":2,\"name\":\"Productos\",\"item\":\"https:\\\/\\\/www.libreriaordonez.com\\\/ecomerce\\\/shop\\\/\"},{\"@type\":\"ListItem\",\"position\":3,\"name\":\"LIBRO PADRON SOCIOS X200HJS &#8211; 400FOL 56GR\"}]},{\"@type\":\"WebSite\",\"@id\":\"https:\\\/\\\/www.libreriaordonez.com\\\/ecomerce\\\/#website\",\"url\":\"https:\\\/\\\/www.libreriaordonez.com\\\/ecomerce\\\/\",\"name\":\"Librer\u00eda Ord\u00f3\u00f1ez\",\"description\":\"\",\"publisher\":{\"@id\":\"https:\\\/\\\/www.libreriaordonez.com\\\/ecomerce\\\/#organization\"},\"potentialAction\":[{\"@type\":\"SearchAction\",\"target\":{\"@type\":\"EntryPoint\",\"urlTemplate\":\"https:\\\/\\\/www.libreriaordonez.com\\\/ecomerce\\\/?s={search_term_string}\"},\"query-input\":{\"@type\":\"PropertyValueSpecification\",\"valueRequired\":true,\"valueName\":\"search_term_string\"}}],\"inLanguage\":\"es\"},{\"@type\":\"Organization\",\"@id\":\"https:\\\/\\\/www.libreriaordonez.com\\\/ecomerce\\\/#organization\",\"name\":\"Librer\u00eda Ord\u00f3\u00f1ez\",\"url\":\"https:\\\/\\\/www.libreriaordonez.com\\\/ecomerce\\\/\",\"logo\":{\"@type\":\"ImageObject\",\"inLanguage\":\"es\",\"@id\":\"https:\\\/\\\/www.libreriaordonez.com\\\/ecomerce\\\/#\\\/schema\\\/logo\\\/image\\\/\",\"url\":\"https:\\\/\\\/www.libreriaordonez.com\\\/ecomerce\\\/wp-content\\\/uploads\\\/2021\\\/04\\\/cropped-cropped-logo.png\",\"contentUrl\":\"https:\\\/\\\/www.libreriaordonez.com\\\/ecomerce\\\/wp-content\\\/uploads\\\/2021\\\/04\\\/cropped-cropped-logo.png\",\"width\":449,\"height\":199,\"caption\":\"Librer\u00eda Ord\u00f3\u00f1ez\"},\"image\":{\"@id\":\"https:\\\/\\\/www.libreriaordonez.com\\\/ecomerce\\\/#\\\/schema\\\/logo\\\/image\\\/\"}}]}<\/script>\n<!-- \/ Yoast SEO plugin. -->","yoast_head_json":{"title":"LIBRO PADRON SOCIOS X200HJS - 400FOL 56GR - Librer\u00eda Ord\u00f3\u00f1ez","robots":{"index":"index","follow":"follow","max-snippet":"max-snippet:-1","max-image-preview":"max-image-preview:large","max-video-preview":"max-video-preview:-1"},"canonical":"https:\/\/www.libreriaordonez.com\/ecomerce\/producto\/libro-padron-socios-x200hjs-400fol-56gr\/","og_locale":"es_ES","og_type":"article","og_title":"LIBRO PADRON SOCIOS X200HJS - 400FOL 56GR - Librer\u00eda Ord\u00f3\u00f1ez","og_description":"Libro de padr\u00f3n de socios con encuadernaci\u00f3n resistente y tapa dura.  Contiene 200 hojas (400 folios) para registrar informaci\u00f3n detallada de los socios de manera organizada.  Papel de 56 gr.  Ideal para llevar un registro preciso de los datos de los miembros de una sociedad o asociaci\u00f3n.  Tama\u00f1o adecuado para anotar informaci\u00f3n relevante de cada socio.  Adecuado para uso en clubes, asociaciones, organizaciones sin fines de lucro y m\u00e1s.  Facilita la gesti\u00f3n y el seguimiento de los miembros de la organizaci\u00f3n.","og_url":"https:\/\/www.libreriaordonez.com\/ecomerce\/producto\/libro-padron-socios-x200hjs-400fol-56gr\/","og_site_name":"Librer\u00eda Ord\u00f3\u00f1ez","article_modified_time":"2023-09-13T16:38:49+00:00","og_image":[{"width":1000,"height":1000,"url":"https:\/\/www.libreriaordonez.com\/ecomerce\/wp-content\/uploads\/2021\/05\/LIBRO-PADRON-SOCIOS-56gr.jpg","type":"image\/jpeg"}],"twitter_card":"summary_large_image","schema":{"@context":"https:\/\/schema.org","@graph":[{"@type":"WebPage","@id":"https:\/\/www.libreriaordonez.com\/ecomerce\/producto\/libro-padron-socios-x200hjs-400fol-56gr\/","url":"https:\/\/www.libreriaordonez.com\/ecomerce\/producto\/libro-padron-socios-x200hjs-400fol-56gr\/","name":"LIBRO PADRON SOCIOS X200HJS - 400FOL 56GR - Librer\u00eda Ord\u00f3\u00f1ez","isPartOf":{"@id":"https:\/\/www.libreriaordonez.com\/ecomerce\/#website"},"primaryImageOfPage":{"@id":"https:\/\/www.libreriaordonez.com\/ecomerce\/producto\/libro-padron-socios-x200hjs-400fol-56gr\/#primaryimage"},"image":{"@id":"https:\/\/www.libreriaordonez.com\/ecomerce\/producto\/libro-padron-socios-x200hjs-400fol-56gr\/#primaryimage"},"thumbnailUrl":"https:\/\/www.libreriaordonez.com\/ecomerce\/wp-content\/uploads\/2021\/05\/LIBRO-PADRON-SOCIOS-56gr.jpg","datePublished":"2021-05-31T08:34:54+00:00","dateModified":"2023-09-13T16:38:49+00:00","breadcrumb":{"@id":"https:\/\/www.libreriaordonez.com\/ecomerce\/producto\/libro-padron-socios-x200hjs-400fol-56gr\/#breadcrumb"},"inLanguage":"es","potentialAction":[{"@type":"ReadAction","target":["https:\/\/www.libreriaordonez.com\/ecomerce\/producto\/libro-padron-socios-x200hjs-400fol-56gr\/"]}]},{"@type":"ImageObject","inLanguage":"es","@id":"https:\/\/www.libreriaordonez.com\/ecomerce\/producto\/libro-padron-socios-x200hjs-400fol-56gr\/#primaryimage","url":"https:\/\/www.libreriaordonez.com\/ecomerce\/wp-content\/uploads\/2021\/05\/LIBRO-PADRON-SOCIOS-56gr.jpg","contentUrl":"https:\/\/www.libreriaordonez.com\/ecomerce\/wp-content\/uploads\/2021\/05\/LIBRO-PADRON-SOCIOS-56gr.jpg","width":1000,"height":1000},{"@type":"BreadcrumbList","@id":"https:\/\/www.libreriaordonez.com\/ecomerce\/producto\/libro-padron-socios-x200hjs-400fol-56gr\/#breadcrumb","itemListElement":[{"@type":"ListItem","position":1,"name":"Portada","item":"https:\/\/www.libreriaordonez.com\/ecomerce\/"},{"@type":"ListItem","position":2,"name":"Productos","item":"https:\/\/www.libreriaordonez.com\/ecomerce\/shop\/"},{"@type":"ListItem","position":3,"name":"LIBRO PADRON SOCIOS X200HJS &#8211; 400FOL 56GR"}]},{"@type":"WebSite","@id":"https:\/\/www.libreriaordonez.com\/ecomerce\/#website","url":"https:\/\/www.libreriaordonez.com\/ecomerce\/","name":"Librer\u00eda Ord\u00f3\u00f1ez","description":"","publisher":{"@id":"https:\/\/www.libreriaordonez.com\/ecomerce\/#organization"},"potentialAction":[{"@type":"SearchAction","target":{"@type":"EntryPoint","urlTemplate":"https:\/\/www.libreriaordonez.com\/ecomerce\/?s={search_term_string}"},"query-input":{"@type":"PropertyValueSpecification","valueRequired":true,"valueName":"search_term_string"}}],"inLanguage":"es"},{"@type":"Organization","@id":"https:\/\/www.libreriaordonez.com\/ecomerce\/#organization","name":"Librer\u00eda Ord\u00f3\u00f1ez","url":"https:\/\/www.libreriaordonez.com\/ecomerce\/","logo":{"@type":"ImageObject","inLanguage":"es","@id":"https:\/\/www.libreriaordonez.com\/ecomerce\/#\/schema\/logo\/image\/","url":"https:\/\/www.libreriaordonez.com\/ecomerce\/wp-content\/uploads\/2021\/04\/cropped-cropped-logo.png","contentUrl":"https:\/\/www.libreriaordonez.com\/ecomerce\/wp-content\/uploads\/2021\/04\/cropped-cropped-logo.png","width":449,"height":199,"caption":"Librer\u00eda Ord\u00f3\u00f1ez"},"image":{"@id":"https:\/\/www.libreriaordonez.com\/ecomerce\/#\/schema\/logo\/image\/"}}]}},"_links":{"self":[{"href":"https:\/\/www.libreriaordonez.com\/ecomerce\/wp-json\/wp\/v2\/product\/11287","targetHints":{"allow":["GET"]}}],"collection":[{"href":"https:\/\/www.libreriaordonez.com\/ecomerce\/wp-json\/wp\/v2\/product"}],"about":[{"href":"https:\/\/www.libreriaordonez.com\/ecomerce\/wp-json\/wp\/v2\/types\/product"}],"replies":[{"embeddable":true,"href":"https:\/\/www.libreriaordonez.com\/ecomerce\/wp-json\/wp\/v2\/comments?post=11287"}],"version-history":[{"count":3,"href":"https:\/\/www.libreriaordonez.com\/ecomerce\/wp-json\/wp\/v2\/product\/11287\/revisions"}],"predecessor-version":[{"id":15301,"href":"https:\/\/www.libreriaordonez.com\/ecomerce\/wp-json\/wp\/v2\/product\/11287\/revisions\/15301"}],"wp:featuredmedia":[{"embeddable":true,"href":"https:\/\/www.libreriaordonez.com\/ecomerce\/wp-json\/wp\/v2\/media\/15298"}],"wp:attachment":[{"href":"https:\/\/www.libreriaordonez.com\/ecomerce\/wp-json\/wp\/v2\/media?parent=11287"}],"wp:term":[{"taxonomy":"product_brand","embeddable":true,"href":"https:\/\/www.libreriaordonez.com\/ecomerce\/wp-json\/wp\/v2\/product_brand?post=11287"},{"taxonomy":"product_cat","embeddable":true,"href":"https:\/\/www.libreriaordonez.com\/ecomerce\/wp-json\/wp\/v2\/product_cat?post=11287"},{"taxonomy":"product_tag","embeddable":true,"href":"https:\/\/www.libreriaordonez.com\/ecomerce\/wp-json\/wp\/v2\/product_tag?post=11287"}],"curies":[{"name":"wp","href":"https:\/\/api.w.org\/{rel}","templated":true}]}}